{"id":1560,"date":"2018-10-10T21:38:25","date_gmt":"2018-10-10T21:38:25","guid":{"rendered":"https:\/\/fundacionricardomartinez.net\/en-us\/?page_id=1560"},"modified":"2022-11-30T13:45:47","modified_gmt":"2022-11-30T19:45:47","slug":"catalogue-raisonne","status":"publish","type":"page","link":"https:\/\/fundacionricardomartinez.net\/en-us\/catalogue-raisonne\/","title":{"rendered":"Catalogue Raisonn\u00e9"},"content":{"rendered":"<p><section class=\"kc-elm kc-css-610459 kc_row ten_section_1\"><div class=\"kc-row-container  kc-container\"><div class=\"kc-wrap-columns\"><div class=\"kc-elm kc-css-51004 kc_col-sm-12 kc_column kc_col-sm-12\"><div class=\"herotext kc-col-container\">\n<div class=\"kc-elm kc-css-764201 kc-title-wrap \">\n\n\t<h1 class=\"kc_title\">Catalogue Raisonn\u00e9<\/h1>\n<\/div>\n<\/div><\/div><\/div><\/div><\/section><section class=\"kc-elm kc-css-513473 kc_row ten_section_2\"><div class=\"kc-row-container  kc-container\"><div class=\"kc-wrap-columns\"><div class=\"kc-elm kc-css-922047 kc_col-sm-12 kc_column kc_col-sm-12\"><div class=\"kc-col-container\">\n<div class=\"kc-elm kc-css-399164 kc-title-wrap \">\n\n\t<h3>Cat\u00e1logo Razonado<\/h3><h2 class=\"kc_title\">Ricardo Mart\u00ednez<\/h2>\n<\/div>\n<div class=\"kc-elm kc-css-400322 kc_text_block text-desc2\"><\/p>\n<p>\nEs una de las figuras m\u00e1s importantes y emblem\u00e1ticas del arte moderno en M\u00e9xico. Con el prop\u00f3sito de mantener vigente su legado y de proteger su imagen, la FRM elabora actualmente un cat\u00e1logo razonado de la obra que, adem\u00e1s constituir un respaldo para los coleccionistas, coadyuve en la labor de cr\u00edticos, historiadores del arte, investigadores y otros interesados en el arte. A la fecha hemos registrado aproximadamente 1000 obras.<\/p>\n<p>\n<\/div><div class=\"kc-elm kc-css-189275 kc_row kc_row_inner\"><div class=\"kc-elm kc-css-248506 kc_col-sm-4 kc_column_inner kc_col-sm-4\"><div class=\"box kc_wrapper kc-col-inner-container\"><div class=\"kc-elm kc-css-163079 kc-icon-wrapper\">\n\t\t<i class=\"sl-screen-tablet\"><\/i>\n\t<\/div>\n\n<div class=\"kc-elm kc-css-81916 kc-title-wrap \">\n\n\t<h5 class=\"kc_title\">Tablets & Mobile Devices<\/h5>\n<\/div>\n<div class=\"kc-elm kc-css-217370 kc_text_block text-desc\"><\/p>\n<p>\nThere are many variations of passages Lorem randomised words which don&#039;t look even believable on internet.<\/p>\n<p>\n<\/div><\/div><\/div><div class=\"kc-elm kc-css-933259 kc_col-sm-4 kc_column_inner kc_col-sm-4\"><div class=\"box kc_wrapper kc-col-inner-container\"><div class=\"kc-elm kc-css-158066 kc-icon-wrapper\">\n\t\t<i class=\"sl-present\"><\/i>\n\t<\/div>\n\n<div class=\"kc-elm kc-css-155274 kc-title-wrap \">\n\n\t<h5 class=\"kc_title\">Build your Owne Website<\/h5>\n<\/div>\n<div class=\"kc-elm kc-css-780914 kc_text_block text-desc\"><\/p>\n<p>\nThere are many variations of passages Lorem randomised words which don&#039;t look even believable on internet.<\/p>\n<p>\n<\/div><\/div><\/div><div class=\"kc-elm kc-css-481429 kc_col-sm-4 kc_column_inner kc_col-sm-4\"><div class=\"box kc_wrapper kc-col-inner-container\"><div class=\"kc-elm kc-css-158053 kc-icon-wrapper\">\n\t\t<i class=\"sl-rocket\"><\/i>\n\t<\/div>\n\n<div class=\"kc-elm kc-css-325038 kc-title-wrap \">\n\n\t<h5 class=\"kc_title\">Onepage & Off Canvas<\/h5>\n<\/div>\n<div class=\"kc-elm kc-css-749712 kc_text_block text-desc\"><\/p>\n<p>\nThere are many variations of passages Lorem randomised words which don&#039;t look even believable on internet.<\/p>\n<p>\n<\/div><\/div><\/div><\/div><\/div><\/div><\/div><\/div><\/section><section class=\"kc-elm kc-css-682613 kc_row ten_section_2\"><div class=\"kc-row-container  kc-container\"><div class=\"kc-wrap-columns\"><div class=\"kc-elm kc-css-428066 kc_col-sm-12 kc_column kc_col-sm-12\"><div class=\"kc-col-container\">\n<div class=\"kc-elm kc-css-866504 kc-title-wrap \">\n\n\t<h3>Ricardo<\/h3><h2 class=\"kc_title\">Mart\u00ednez<\/h2>\n<\/div>\n<div class=\"kc-elm kc-css-78714 kc_text_block\"><\/p>\n<p class=\"texto1\">is one of the most emblematic and important figures in Mexican modern art. The Ricardo Mart\u00ednez Foundation has undertaken the task of putting together a catalogue raison\u00e9 of his works. Our aim is to protect and promote his legacy, to contribute to the task of art historians, researchers, collectors and those interested in his work and to support art collectors.<\/p>\n<p>\n<\/div><div class=\"kc-elm kc-css-54490\" style=\"height: 20px; clear: both; width:100%;\"><\/div><div class=\"kc-elm kc-css-883950 kc_text_block\"><\/p>\n<p class=\"texto1\">To date we have been able to identify and register over 1000 works.<\/p>\n<p>\n<\/div><\/div><\/div><\/div><\/div><\/section><section class=\"kc-elm kc-css-985570 kc_row ten_section_3\"><div class=\"kc-row-container  kc-container\"><div class=\"kc-wrap-columns\"><div class=\"kc-elm kc-css-480007 kc_col-sm-12 kc_column kc_col-sm-12\"><div class=\"kc-col-container\">\n<div class=\"kc-elm kc-css-565395 kc-title-wrap \">\n\n\t<h3>We therefore invite<\/h3><h2 class=\"kc_title\">collectors<\/h2>\n<\/div>\n<div class=\"kc-elm kc-css-166064 kc_text_block text-desc\"><\/p>\n<p>to provide the following information in order to include it in the catalogue:<\/p>\n<p>\n<\/div><div class=\"kc-elm kc-css-169426 kc_row kc_row_inner\"><div class=\"kc-elm kc-css-538834 kc_col-of-5 kc_column_inner kc_col-of-5\"><div class=\"box kc_wrapper kc-col-inner-container\"><div class=\"kc-elm kc-css-915214 kc-icon-wrapper\">\n\t\t<i class=\"fa-pencil-alt\"><\/i>\n\t<\/div>\n\n<div class=\"kc-elm kc-css-435978 kc-title-wrap \">\n\n\t<h4 class=\"kc_title\">TItle<\/h4>\n<\/div>\n<\/div><\/div><div class=\"kc-elm kc-css-187004 kc_col-of-5 kc_column_inner kc_col-of-5\"><div class=\"box kc_wrapper kc-col-inner-container\"><div class=\"kc-elm kc-css-745994 kc-icon-wrapper\">\n\t\t<i class=\"fa-calendar\"><\/i>\n\t<\/div>\n\n<div class=\"kc-elm kc-css-28403 kc-title-wrap \">\n\n\t<h4 class=\"kc_title\">Date<\/h4>\n<\/div>\n<\/div><\/div><div class=\"kc-elm kc-css-952337 kc_col-of-5 kc_column_inner kc_col-of-5\"><div class=\"box kc_wrapper kc-col-inner-container\"><div class=\"kc-elm kc-css-97745 kc-icon-wrapper\">\n\t\t<i class=\"sl-picture\"><\/i>\n\t<\/div>\n\n<div class=\"kc-elm kc-css-505198 kc-title-wrap \">\n\n\t<h4 class=\"kc_title\">Measures<\/h4>\n<\/div>\n<div class=\"kc-elm kc-css-236935 kc_text_block text-desc2\"><\/p>\n<p>(height x width)<\/p>\n<p>\n<\/div><\/div><\/div><div class=\"kc-elm kc-css-836249 kc_col-of-5 kc_column_inner kc_col-of-5\"><div class=\"box kc_wrapper kc-col-inner-container\"><div class=\"kc-elm kc-css-192759 kc-icon-wrapper\">\n\t\t<i class=\"fa-camera\"><\/i>\n\t<\/div>\n\n<div class=\"kc-elm kc-css-193320 kc-title-wrap \">\n\n\t<h4 class=\"kc_title\">Photography<\/h4>\n<\/div>\n<\/div><\/div><div class=\"kc-elm kc-css-235143 kc_col-of-5 kc_column_inner kc_col-of-5\"><div class=\"box kc_wrapper kc-col-inner-container\"><div class=\"kc-elm kc-css-499068 kc-icon-wrapper\">\n\t\t<i class=\"sl-doc\"><\/i>\n\t<\/div>\n\n<div class=\"kc-elm kc-css-92884 kc-title-wrap \">\n\n\t<h4 class=\"kc_title\">Data<\/h4>\n<\/div>\n<div class=\"kc-elm kc-css-467683 kc_text_block text-desc2\"><\/p>\n<p>Any available to establish a critical path.<\/p>\n<p>\n<\/div><\/div><\/div><\/div><div class=\"kc-elm kc-css-534831\" style=\"height: 50px; clear: both; width:100%;\"><\/div><\/div><\/div><\/div><\/div><\/section><section class=\"kc-elm kc-css-265902 kc_row ten_section_8\"><div class=\"kc-row-container  kc-container\"><div class=\"kc-wrap-columns\"><div class=\"kc-elm kc-css-913973 kc_col-sm-12 kc_column kc_col-sm-12\"><div class=\"kc-col-container\">\n<div class=\"kc-elm kc-css-564409 kc-title-wrap \">\n\n\t<h3>While<\/h3><h2 class=\"kc_title\">The FRM<\/h2>\n<\/div>\n<div class=\"kc-elm kc-css-530274 kc_text_block text-desc\"><\/p>\n<p>Is ready to provide access to different sources in our custody with information on the artist, we appreciate receiving information which might in turn contribute to our archives. Do not hesitate to contact us, either by e-mail or telephone.<\/p>\n<p>\n<\/div><\/div><\/div><\/div><\/div><\/section><section class=\"kc-elm kc-css-926967 kc_row ten_section_9\"><div class=\"kc-row-container  kc-container\"><div class=\"kc-wrap-columns\"><div class=\"kc-elm kc-css-122786 kc_col-sm-12 kc_column kc_col-sm-12\"><div class=\"kc-col-container\"><div class=\"kc-elm kc-css-614200 kc_tabs group ten_owl_slide kc-tabs-slider\"><div class=\"owl-carousel\" data-owl-options='{\"items\":2,\"speed\":450,\"navigation\":\"\",\"pagination\":\"yes\",\"autoheight\":\"\",\"autoplay\":\"\",\"tablet\":1,\"mobile\":1}'><div id=\"new-tab\" class=\"kc-elm kc-css-990488 kc_tab ui-tabs-panel kc_ui-tabs-hide kc_clearfix \"><div class=\"kc_tab_content\">\r\n<div class=\"kc-elm kc-css-758855 kc-testimo kc-testi-layout-5\">\r\n\r\n\t<div class=\"content-desc\">\" It was popularised in the with the release and more recently with desktop publish software like including versions. If you are going to use a passage of you need to be sure there generators on the tend chunks as making this the first true on the Internet. \"<\/div><figure class=\"content-image\"><img decoding=\"async\" src=\"https:\/\/evato.info\/vixa\/wp-content\/uploads\/2016\/07\/people-img22.jpg\" alt=\"\"><\/figure><div class=\"box-right\"><div class=\"content-title\">Alex Jacobson<\/div><div class=\"content-position\">Consulting Manger<\/div><\/div>\r\n<\/div><\/div><\/div><div id=\"new-tab\" class=\"kc-elm kc-css-111531 kc_tab ui-tabs-panel kc_ui-tabs-hide kc_clearfix \"><div class=\"kc_tab_content\">\r\n<div class=\"kc-elm kc-css-648628 kc-testimo kc-testi-layout-5\">\r\n\r\n\t<div class=\"content-desc\">\" It was popularised in the with the release and more recently with desktop publish software like including versions. If you are going to use a passage of you need to be sure there generators on the tend chunks as making this the first true on the Internet. \"<\/div><figure class=\"content-image\"><img decoding=\"async\" src=\"https:\/\/evato.info\/vixa\/wp-content\/uploads\/2016\/07\/people-img23.jpg\" alt=\"\"><\/figure><div class=\"box-right\"><div class=\"content-title\">Alex Jacobson<\/div><div class=\"content-position\">Consulting Manger<\/div><\/div>\r\n<\/div><\/div><\/div><div id=\"new-tab\" class=\"kc-elm kc-css-672296 kc_tab ui-tabs-panel kc_ui-tabs-hide kc_clearfix \"><div class=\"kc_tab_content\">\r\n<div class=\"kc-elm kc-css-297209 kc-testimo kc-testi-layout-5\">\r\n\r\n\t<div class=\"content-desc\">\" It was popularised in the with the release and more recently with desktop publish software like including versions. If you are going to use a passage of you need to be sure there generators on the tend chunks as making this the first true on the Internet. \"<\/div><figure class=\"content-image\"><img decoding=\"async\" src=\"https:\/\/evato.info\/vixa\/wp-content\/uploads\/2016\/07\/people-img18.jpg\" alt=\"\"><\/figure><div class=\"box-right\"><div class=\"content-title\">Alex Jacobson<\/div><div class=\"content-position\">Consulting Manger<\/div><\/div>\r\n<\/div><\/div><\/div><div id=\"new-tab\" class=\"kc-elm kc-css-751265 kc_tab ui-tabs-panel kc_ui-tabs-hide kc_clearfix \"><div class=\"kc_tab_content\">\r\n<div class=\"kc-elm kc-css-261110 kc-testimo kc-testi-layout-5\">\r\n\r\n\t<div class=\"content-desc\">\" It was popularised in the with the release and more recently with desktop publish software like including versions. If you are going to use a passage of you need to be sure there generators on the tend chunks as making this the first true on the Internet. \"<\/div><figure class=\"content-image\"><img decoding=\"async\" src=\"https:\/\/evato.info\/vixa\/wp-content\/uploads\/2016\/07\/people-img21.jpg\" alt=\"\"><\/figure><div class=\"box-right\"><div class=\"content-title\">Alex Jacobson<\/div><div class=\"content-position\">Consulting Manger<\/div><\/div>\r\n<\/div><\/div><\/div><div id=\"new-tab\" class=\"kc-elm kc-css-975833 kc_tab ui-tabs-panel kc_ui-tabs-hide kc_clearfix \"><div class=\"kc_tab_content\">\r\n<div class=\"kc-elm kc-css-475066 kc-testimo kc-testi-layout-5\">\r\n\r\n\t<div class=\"content-desc\">\" It was popularised in the with the release and more recently with desktop publish software like including versions. If you are going to use a passage of you need to be sure there generators on the tend chunks as making this the first true on the Internet. \"<\/div><figure class=\"content-image\"><img decoding=\"async\" src=\"https:\/\/evato.info\/vixa\/wp-content\/uploads\/2016\/07\/people-img19.jpg\" alt=\"\"><\/figure><div class=\"box-right\"><div class=\"content-title\">Alex Jacobson<\/div><div class=\"content-position\">Consulting Manger<\/div><\/div>\r\n<\/div><\/div><\/div><div id=\"new-tab\" class=\"kc-elm kc-css-3784 kc_tab ui-tabs-panel kc_ui-tabs-hide kc_clearfix \"><div class=\"kc_tab_content\">\r\n<div class=\"kc-elm kc-css-569546 kc-testimo kc-testi-layout-5\">\r\n\r\n\t<div class=\"content-desc\">\" It was popularised in the with the release and more recently with desktop publish software like including versions. If you are going to use a passage of you need to be sure there generators on the tend chunks as making this the first true on the Internet. \"<\/div><figure class=\"content-image\"><img decoding=\"async\" src=\"https:\/\/evato.info\/vixa\/wp-content\/uploads\/2016\/07\/people-img20.jpg\" alt=\"\"><\/figure><div class=\"box-right\"><div class=\"content-title\">Alex Jacobson<\/div><div class=\"content-position\">Consulting Manger<\/div><\/div>\r\n<\/div><\/div><\/div><\/div><\/div><\/div><\/div><\/div><\/div><\/section><\/p>\n","protected":false},"excerpt":{"rendered":"","protected":false},"author":1,"featured_media":0,"parent":0,"menu_order":0,"comment_status":"closed","ping_status":"closed","template":"","meta":{"_exactmetrics_skip_tracking":false,"_exactmetrics_sitenote_active":false,"_exactmetrics_sitenote_note":"","_exactmetrics_sitenote_category":0,"footnotes":""},"class_list":["post-1560","page","type-page","status-publish","hentry"],"_links":{"self":[{"href":"https:\/\/fundacionricardomartinez.net\/en-us\/wp-json\/wp\/v2\/pages\/1560","targetHints":{"allow":["GET"]}}],"collection":[{"href":"https:\/\/fundacionricardomartinez.net\/en-us\/wp-json\/wp\/v2\/pages"}],"about":[{"href":"https:\/\/fundacionricardomartinez.net\/en-us\/wp-json\/wp\/v2\/types\/page"}],"author":[{"embeddable":true,"href":"https:\/\/fundacionricardomartinez.net\/en-us\/wp-json\/wp\/v2\/users\/1"}],"replies":[{"embeddable":true,"href":"https:\/\/fundacionricardomartinez.net\/en-us\/wp-json\/wp\/v2\/comments?post=1560"}],"version-history":[{"count":59,"href":"https:\/\/fundacionricardomartinez.net\/en-us\/wp-json\/wp\/v2\/pages\/1560\/revisions"}],"predecessor-version":[{"id":4592,"href":"https:\/\/fundacionricardomartinez.net\/en-us\/wp-json\/wp\/v2\/pages\/1560\/revisions\/4592"}],"wp:attachment":[{"href":"https:\/\/fundacionricardomartinez.net\/en-us\/wp-json\/wp\/v2\/media?parent=1560"}],"curies":[{"name":"wp","href":"https:\/\/api.w.org\/{rel}","templated":true}]}}