{"id":1626,"date":"2018-10-10T23:36:04","date_gmt":"2018-10-10T23:36:04","guid":{"rendered":"https:\/\/fundacionricardomartinez.net\/en-us\/?page_id=1626"},"modified":"2019-09-11T20:44:37","modified_gmt":"2019-09-11T20:44:37","slug":"directory","status":"publish","type":"page","link":"https:\/\/fundacionricardomartinez.net\/en-us\/pages\/directory\/","title":{"rendered":"Directory"},"content":{"rendered":"<p><section class=\"kc-elm kc-css-550495 kc_row ten_section_1\"><div class=\"kc-row-container  kc-container\"><div class=\"kc-wrap-columns\"><div class=\"kc-elm kc-css-29344 kc_col-sm-12 kc_column kc_col-sm-12\"><div class=\"herotext kc-col-container\">\n<div class=\"kc-elm kc-css-705870 kc-title-wrap \">\n\n\t<h1 class=\"kc_title\">Directory<\/h1>\n<\/div>\n<\/div><\/div><\/div><\/div><\/section><section class=\"kc-elm kc-css-609345 kc_row dosa_section_7 team1_section4\"><div class=\"kc-row-container  kc-container\"><div class=\"kc-wrap-columns\"><div class=\"kc-elm kc-css-774570 kc_col-sm-12 kc_column kc_col-sm-12\"><div class=\"kc-col-container\"><div class=\"kc-elm kc-css-707619\" style=\"height: 50px; clear: both; width:100%;\"><\/div><div data-kc-equalheight=\"true\" data-kc-row-action=\"true\" data-kc-equalheight-align=\"middle\" class=\"kc-elm kc-css-590872 kc_row kc_row_inner\"><div class=\"kc-elm kc-css-945953 kc_col-sm-4 kc_column_inner kc_col-sm-4 vixa-our-team\"><div class=\"kc_wrapper kc-col-inner-container\">\n<div class=\"kc-elm kc-css-706999 kc-team kc-team-1 v1_section_teams\">\n\n\t<div class=\"content-title\">Zarina Mart\u00ednez Lacy<\/div><div class=\"content-subtitle\">Executive Secretary<\/div><div class=\"content-socials\"><a href=\"mailto:fundacion.ricardo.martinez@gmail.com\" target=\"_blank\"><i class=\"fa-envelope\"><\/i><\/a><\/div>\n<\/div>\n<\/div><\/div><div class=\"kc-elm kc-css-922606 kc_col-sm-4 kc_column_inner kc_col-sm-4 vixa-our-team\"><div class=\"kc_wrapper kc-col-inner-container\">\n<div class=\"kc-elm kc-css-107404 kc-team kc-team-1 v1_section_teams\">\n\n\t<div class=\"content-title\">Pablo Mart\u00ednez Lacy<\/div><div class=\"content-subtitle\">Treasurer<\/div><div class=\"content-socials\"><a href=\"mailto:fundacion.ricardo.martinez@gmail.com\" target=\"_blank\"><i class=\"fa-envelope\"><\/i><\/a><\/div>\n<\/div>\n<\/div><\/div><div class=\"kc-elm kc-css-196407 kc_col-sm-4 kc_column_inner kc_col-sm-4 vixa-our-team\"><div class=\"kc_wrapper kc-col-inner-container\">\n<div class=\"kc-elm kc-css-568467 kc-team kc-team-1 v1_section_teams\">\n\n\t<div class=\"content-title\">Dabi Xavier Hernandez Kaiser<\/div><div class=\"content-subtitle\">Stock<\/div><div class=\"content-socials\"><a href=\"mailto:fundacion.ricardo.martinez@gmail.com\" target=\"_blank\"><i class=\"fa-envelope\"><\/i><\/a><\/div>\n<\/div>\n<\/div><\/div><\/div><div class=\"kc-elm kc-css-909832 kc_row kc_row_inner\"><div class=\"kc-elm kc-css-972264 kc_col-sm-12 kc_column_inner kc_col-sm-12\"><div class=\"kc_wrapper kc-col-inner-container\"><div class=\"kc-elm kc-css-790636\" style=\"height: 50px; clear: both; width:100%;\"><\/div><\/div><\/div><\/div><div class=\"kc-elm kc-css-605110 kc_row kc_row_inner\"><div class=\"kc-elm kc-css-219436 kc_col-sm-4 kc_column_inner kc_col-sm-4 vixa-our-team\"><div class=\"kc_wrapper kc-col-inner-container\">\n<div class=\"kc-elm kc-css-800819 kc-team kc-team-1 v1_section_teams\">\n\n\t<div class=\"content-title\">Aurora Avil\u00e9s Garc\u00eda<\/div><div class=\"content-subtitle\">Investigation & catalogue upgrade<\/div><div class=\"content-socials\"><a href=\"mailto:fundacion.ricardo.martinez@gmail.com\" target=\"_blank\"><i class=\"fa-envelope\"><\/i><\/a><\/div>\n<\/div>\n<\/div><\/div><div class=\"kc-elm kc-css-889456 kc_col-sm-4 kc_column_inner kc_col-sm-4 vixa-our-team\"><div class=\"kc_wrapper kc-col-inner-container\">\n<div class=\"kc-elm kc-css-357271 kc-team kc-team-1 v1_section_teams\">\n\n\t<div class=\"content-title\">Francisco de Hoyos<\/div><div class=\"content-subtitle\">Adviser<\/div><div class=\"content-socials\"><a href=\"mailto:fundacion.ricardo.martinez@gmail.com\" target=\"_blank\"><i class=\"fa-envelope\"><\/i><\/a><\/div>\n<\/div>\n<\/div><\/div><div class=\"kc-elm kc-css-77295 kc_col-sm-4 kc_column_inner kc_col-sm-4 vixa-our-team\"><div class=\"kc_wrapper kc-col-inner-container\">\n<div class=\"kc-elm kc-css-413802 kc-team kc-team-1 v1_section_teams\">\n\n\t<div class=\"content-title\">Mercurio N\u00fa\u00f1ez Dur\u00e1n<\/div><div class=\"content-subtitle\">Digital Development<\/div><div class=\"content-socials\"><a href=\"mailto:fundacion.ricardo.martinez@gmail.com\" target=\"_blank\"><i class=\"fa-envelope\"><\/i><\/a><\/div>\n<\/div>\n<\/div><\/div><\/div><div class=\"kc-elm kc-css-395635\" style=\"height: 50px; clear: both; width:100%;\"><\/div><\/div><\/div><\/div><\/div><\/section><section class=\"kc-elm kc-css-778656 kc_row dosa_section_7 team1_section4\"><div class=\"kc-row-container  kc-container\"><div class=\"kc-wrap-columns\"><div class=\"kc-elm kc-css-860502 kc_col-sm-12 kc_column kc_col-sm-12\"><div class=\"kc-col-container\">\n<div class=\"kc-elm kc-css-755295 kc-title-wrap \">\n\n\t<h2 class=\"kc_title big font-weight8\">Style four<\/h2>\n<\/div>\n<div class=\"kc-elm kc-css-356811\" style=\"height: 50px; clear: both; width:100%;\"><\/div><div class=\"kc-elm kc-css-571332 kc_row kc_row_inner\"><div class=\"kc-elm kc-css-741007 kc_col-sm-3 kc_column_inner kc_col-sm-3 vixa-our-team\"><div class=\"kc_wrapper kc-col-inner-container\"><div class=\"kc-elm kc-css-238076 kc_shortcode kc_single_image\">\n\n        <img decoding=\"async\" src=\"https:\/\/evato.info\/vixa\/wp-content\/uploads\/2016\/07\/people-img05.png\" class=\"\" alt=\"\" \/>    <\/div>\n\n<div class=\"kc-elm kc-css-72350 kc-team kc-team-1 v1_section_teams\">\n\n\t<div class=\"content-title\">Alen Devonate<\/div><div class=\"content-subtitle\">Founder & CEO<\/div><div class=\"content-desc\">Desktop publishing packages webpage editors always<\/div><div class=\"content-socials\"><a href=\"#\" target=\"_blank\"><i class=\"fab-facebook-f\"><\/i><\/a><a href=\"#\" target=\"_blank\"><i class=\"fab-twitter\"><\/i><\/a><a href=\"#\" target=\"_blank\"><i class=\"fab-instagram\"><\/i><\/a><\/div>\n<\/div>\n<\/div><\/div><div class=\"kc-elm kc-css-286199 kc_col-sm-3 kc_column_inner kc_col-sm-3 vixa-our-team\"><div class=\"kc_wrapper kc-col-inner-container\"><div class=\"kc-elm kc-css-625678 kc_shortcode kc_single_image\">\n\n        <img decoding=\"async\" src=\"https:\/\/evato.info\/vixa\/wp-content\/uploads\/2016\/07\/people-img06.png\" class=\"\" alt=\"\" \/>    <\/div>\n\n<div class=\"kc-elm kc-css-476137 kc-team kc-team-1 v1_section_teams\">\n\n\t<div class=\"content-title\">Karla Alisha<\/div><div class=\"content-subtitle\">Team Lead<\/div><div class=\"content-desc\">Desktop publishing packages webpage editors always<\/div><div class=\"content-socials\"><a href=\"#\" target=\"_blank\"><i class=\"fab-facebook-f\"><\/i><\/a><a href=\"#\" target=\"_blank\"><i class=\"fab-twitter\"><\/i><\/a><a href=\"#\" target=\"_blank\"><i class=\"fab-instagram\"><\/i><\/a><\/div>\n<\/div>\n<\/div><\/div><div class=\"kc-elm kc-css-545019 kc_col-sm-3 kc_column_inner kc_col-sm-3 vixa-our-team\"><div class=\"kc_wrapper kc-col-inner-container\"><div class=\"kc-elm kc-css-297447 kc_shortcode kc_single_image\">\n\n        <img decoding=\"async\" src=\"https:\/\/evato.info\/vixa\/wp-content\/uploads\/2016\/07\/people-img07.png\" class=\"\" alt=\"\" \/>    <\/div>\n\n<div class=\"kc-elm kc-css-155596 kc-team kc-team-1 v1_section_teams\">\n\n\t<div class=\"content-title\">John Franklin<\/div><div class=\"content-subtitle\">Developer<\/div><div class=\"content-desc\">Desktop publishing packages webpage editors always<\/div><div class=\"content-socials\"><a href=\"#\" target=\"_blank\"><i class=\"fab-facebook-f\"><\/i><\/a><a href=\"#\" target=\"_blank\"><i class=\"fab-twitter\"><\/i><\/a><a href=\"#\" target=\"_blank\"><i class=\"fab-instagram\"><\/i><\/a><\/div>\n<\/div>\n<\/div><\/div><div class=\"kc-elm kc-css-325315 kc_col-sm-3 kc_column_inner kc_col-sm-3 vixa-our-team\"><div class=\"kc_wrapper kc-col-inner-container\"><div class=\"kc-elm kc-css-706523 kc_shortcode kc_single_image\">\n\n        <img decoding=\"async\" src=\"https:\/\/evato.info\/vixa\/wp-content\/uploads\/2016\/07\/people-img08.png\" class=\"\" alt=\"\" \/>    <\/div>\n\n<div class=\"kc-elm kc-css-404665 kc-team kc-team-1 v1_section_teams\">\n\n\t<div class=\"content-title\">Jessica Priston<\/div><div class=\"content-subtitle\">Support<\/div><div class=\"content-desc\">Desktop publishing packages webpage editors always<\/div><div class=\"content-socials\"><a href=\"#\" target=\"_blank\"><i class=\"fab-facebook-f\"><\/i><\/a><a href=\"#\" target=\"_blank\"><i class=\"fab-twitter\"><\/i><\/a><a href=\"#\" target=\"_blank\"><i class=\"fab-instagram\"><\/i><\/a><\/div>\n<\/div>\n<\/div><\/div><\/div><\/div><\/div><\/div><\/div><\/section><section class=\"kc-elm kc-css-893962 kc_row dosa_section_7 team1_section4\"><div class=\"kc-row-container  kc-container\"><div class=\"kc-wrap-columns\"><div class=\"kc-elm kc-css-568727 kc_col-sm-12 kc_column kc_col-sm-12\"><div class=\"kc-col-container\">\n<div class=\"kc-elm kc-css-895144 kc-title-wrap \">\n\n\t<h2 class=\"kc_title big font-weight8\">Style four<\/h2>\n<\/div>\n<div class=\"kc-elm kc-css-93804\" style=\"height: 50px; clear: both; width:100%;\"><\/div><div class=\"kc-elm kc-css-627202 kc_row kc_row_inner\"><div class=\"kc-elm kc-css-789716 kc_col-sm-3 kc_column_inner kc_col-sm-3 vixa-our-team\"><div class=\"kc_wrapper kc-col-inner-container\"><div class=\"kc-elm kc-css-90110 kc_shortcode kc_single_image\">\n\n        <img decoding=\"async\" src=\"https:\/\/evato.info\/vixa\/wp-content\/uploads\/2016\/07\/people-img05.png\" class=\"\" alt=\"\" \/>    <\/div>\n\n<div class=\"kc-elm kc-css-438839 kc-team kc-team-1 v1_section_teams\">\n\n\t<div class=\"content-title\">Alen Devonate<\/div><div class=\"content-subtitle\">Founder & CEO<\/div><div class=\"content-desc\">Desktop publishing packages webpage editors always<\/div><div class=\"content-socials\"><a href=\"#\" target=\"_blank\"><i class=\"fab-facebook-f\"><\/i><\/a><a href=\"#\" target=\"_blank\"><i class=\"fab-twitter\"><\/i><\/a><a href=\"#\" target=\"_blank\"><i class=\"fab-instagram\"><\/i><\/a><\/div>\n<\/div>\n<\/div><\/div><div class=\"kc-elm kc-css-929122 kc_col-sm-3 kc_column_inner kc_col-sm-3 vixa-our-team\"><div class=\"kc_wrapper kc-col-inner-container\"><div class=\"kc-elm kc-css-232024 kc_shortcode kc_single_image\">\n\n        <img decoding=\"async\" src=\"https:\/\/evato.info\/vixa\/wp-content\/uploads\/2016\/07\/people-img06.png\" class=\"\" alt=\"\" \/>    <\/div>\n\n<div class=\"kc-elm kc-css-796185 kc-team kc-team-1 v1_section_teams\">\n\n\t<div class=\"content-title\">Karla Alisha<\/div><div class=\"content-subtitle\">Team Lead<\/div><div class=\"content-desc\">Desktop publishing packages webpage editors always<\/div><div class=\"content-socials\"><a href=\"#\" target=\"_blank\"><i class=\"fab-facebook-f\"><\/i><\/a><a href=\"#\" target=\"_blank\"><i class=\"fab-twitter\"><\/i><\/a><a href=\"#\" target=\"_blank\"><i class=\"fab-instagram\"><\/i><\/a><\/div>\n<\/div>\n<\/div><\/div><div class=\"kc-elm kc-css-694535 kc_col-sm-3 kc_column_inner kc_col-sm-3 vixa-our-team\"><div class=\"kc_wrapper kc-col-inner-container\"><div class=\"kc-elm kc-css-446674 kc_shortcode kc_single_image\">\n\n        <img decoding=\"async\" src=\"https:\/\/evato.info\/vixa\/wp-content\/uploads\/2016\/07\/people-img07.png\" class=\"\" alt=\"\" \/>    <\/div>\n\n<div class=\"kc-elm kc-css-798719 kc-team kc-team-1 v1_section_teams\">\n\n\t<div class=\"content-title\">John Franklin<\/div><div class=\"content-subtitle\">Developer<\/div><div class=\"content-desc\">Desktop publishing packages webpage editors always<\/div><div class=\"content-socials\"><a href=\"#\" target=\"_blank\"><i class=\"fab-facebook-f\"><\/i><\/a><a href=\"#\" target=\"_blank\"><i class=\"fab-twitter\"><\/i><\/a><a href=\"#\" target=\"_blank\"><i class=\"fab-instagram\"><\/i><\/a><\/div>\n<\/div>\n<\/div><\/div><div class=\"kc-elm kc-css-864319 kc_col-sm-3 kc_column_inner kc_col-sm-3 vixa-our-team\"><div class=\"kc_wrapper kc-col-inner-container\"><div class=\"kc-elm kc-css-909573 kc_shortcode kc_single_image\">\n\n        <img decoding=\"async\" src=\"https:\/\/evato.info\/vixa\/wp-content\/uploads\/2016\/07\/people-img08.png\" class=\"\" alt=\"\" \/>    <\/div>\n\n<div class=\"kc-elm kc-css-445812 kc-team kc-team-1 v1_section_teams\">\n\n\t<div class=\"content-title\">Jessica Priston<\/div><div class=\"content-subtitle\">Support<\/div><div class=\"content-desc\">Desktop publishing packages webpage editors always<\/div><div class=\"content-socials\"><a href=\"#\" target=\"_blank\"><i class=\"fab-facebook-f\"><\/i><\/a><a href=\"#\" target=\"_blank\"><i class=\"fab-twitter\"><\/i><\/a><a href=\"#\" target=\"_blank\"><i class=\"fab-instagram\"><\/i><\/a><\/div>\n<\/div>\n<\/div><\/div><\/div><\/div><\/div><\/div><\/div><\/section><section class=\"kc-elm kc-css-687730 kc_row creative2_section2\"><div class=\"kc-row-container  kc-container\"><div class=\"kc-wrap-columns\"><div class=\"kc-elm kc-css-403364 kc_col-sm-12 kc_column kc_col-sm-12\"><div class=\"kc-col-container\">\n<div class=\"kc-elm kc-css-264688 kc-title-wrap \">\n\n\t<h6 class=\"small sitecolor center font-weight4 margin-bottom\">Awesome Site Template<\/h6><h2 class=\"kc_title font-weight8 caps center margin-bottom5\">The Business Services<\/h2>\n<\/div>\n<div class=\"kc-elm kc-css-443664 kc_row kc_row_inner\"><div class=\"kc-elm kc-css-513294 kc_col-sm-4 kc_column_inner kc_col-sm-4\"><div class=\"img-hover-text2 text-left kc_wrapper kc-col-inner-container\"><div class=\"kc-elm kc-css-495995 kc_shortcode kc_single_image\">\n\n        <img decoding=\"async\" src=\"https:\/\/fundacionricardomartinez.net\/en-us\/wp-content\/uploads\/2018\/11\/ricardo-mata-1970-600x800xc.jpg\" class=\"respoimg opacity\" alt=\"\" \/>    <\/div>\n\n<div class=\"kc-elm kc-css-253687 kc-title-wrap distext distext\">\n\n\t<h2 class=\"kc_title caps white font-weight7 margin-bottom3\">WE CREATE COOL STUFF FOR YOU OF TF!<\/h2><h5 class=\"white font-weight3 line-height2\">Packages web page editors now use as their default model various versions have evolved over the years.<\/h5><hr class=\"style-one white quarter margin-top3\">\n<\/div>\n<\/div><\/div><div class=\"kc-elm kc-css-317607 kc_col-sm-4 kc_column_inner kc_col-sm-4\"><div class=\"kc_wrapper kc-col-inner-container\">\n<div class=\"kc-elm kc-css-31917 kc-image-hover-effects kc-img-effects-2 default cretive2_box_img\">\n\n\t<figure><img decoding=\"async\" src=\"https:\/\/fundacionricardomartinez.net\/en-us\/wp-content\/uploads\/2018\/10\/logo-full-03-300x300xct.jpg\" alt=\"\"\/><\/figure><div class=\"overlay-effects\"><div class=\"content-title\">Ricardo Mart\u00ednez Lacy<\/div><div class=\"content-desc\">Presidente<\/div><\/div>\n<\/div>\n<div class=\"kc-elm kc-css-638044 kc-image-hover-effects kc-img-effects-2 Default cretive2_box_img\">\n\n\t<figure><img decoding=\"async\" src=\"https:\/\/evato.info\/vixa\/wp-content\/uploads\/2016\/09\/site-img60.jpg\" alt=\"\"\/><\/figure><div class=\"overlay-effects\"><div class=\"content-title\">Team Work<\/div><div class=\"content-desc\">Going through the cites of the word in classical literature, discovered the undoubtable source.<\/div><\/div>\n<\/div><\/div><\/div><div class=\"kc-elm kc-css-627273 kc_col-sm-4 kc_column_inner kc_col-sm-4\"><div class=\"kc_wrapper kc-col-inner-container\">\n<div class=\"kc-elm kc-css-984160 kc-image-hover-effects kc-img-effects-2 default cretive2_box_img\">\n\n\t<figure><img decoding=\"async\" src=\"https:\/\/evato.info\/vixa\/wp-content\/uploads\/2016\/09\/site-img61.jpg\" alt=\"\"\/><\/figure><div class=\"overlay-effects\"><div class=\"content-title\">Zarina Mart\u00ednez Lacy<\/div><div class=\"content-desc\">Secretaria Ejecutiva<\/div><\/div>\n<\/div>\n<div class=\"kc-elm kc-css-716771 kc-image-hover-effects kc-img-effects-2 Default cretive2_box_img\">\n\n\t<figure><img decoding=\"async\" src=\"https:\/\/evato.info\/vixa\/wp-content\/uploads\/2016\/09\/site-img62.jpg\" alt=\"\"\/><\/figure><div class=\"overlay-effects\"><div class=\"content-title\">Learn Everything<\/div><div class=\"content-desc\">Going through the cites of the word in classical literature, discovered the undoubtable source.<\/div><\/div>\n<\/div><\/div><\/div><\/div><div class=\"kc-elm kc-css-256093 kc_row kc_row_inner\"><div class=\"kc-elm kc-css-528098 kc_col-sm-4 kc_column_inner kc_col-sm-4\"><div class=\"kc_wrapper kc-col-inner-container\">\n<div class=\"kc-elm kc-css-593188 kc-image-hover-effects kc-img-effects-2 default cretive2_box_img\">\n\n\t<figure><img decoding=\"async\" src=\"https:\/\/evato.info\/vixa\/wp-content\/uploads\/2016\/09\/site-img59.jpg\" alt=\"\"\/><\/figure><div class=\"overlay-effects\"><div class=\"content-title\">Ricardo Mart\u00ednez Lacy<\/div><div class=\"content-desc\">Presidente<\/div><\/div>\n<\/div><\/div><\/div><div class=\"kc-elm kc-css-162970 kc_col-sm-4 kc_column_inner kc_col-sm-4\"><div class=\"kc_wrapper kc-col-inner-container\">\n<div class=\"kc-elm kc-css-248775 kc-image-hover-effects kc-img-effects-2 default cretive2_box_img\">\n\n\t<figure><img decoding=\"async\" src=\"https:\/\/evato.info\/vixa\/wp-content\/uploads\/2016\/09\/site-img61.jpg\" alt=\"\"\/><\/figure><div class=\"overlay-effects\"><div class=\"content-title\">Zarina Mart\u00ednez Lacy<\/div><div class=\"content-desc\">Secretaria Ejecutiva<\/div><\/div>\n<\/div>\n<div class=\"kc-elm kc-css-193725 kc-image-hover-effects kc-img-effects-2 Default cretive2_box_img\">\n\n\t<figure><img decoding=\"async\" src=\"https:\/\/evato.info\/vixa\/wp-content\/uploads\/2016\/09\/site-img62.jpg\" alt=\"\"\/><\/figure><div class=\"overlay-effects\"><div class=\"content-title\">Learn Everything<\/div><div class=\"content-desc\">Going through the cites of the word in classical literature, discovered the undoubtable source.<\/div><\/div>\n<\/div><\/div><\/div><div class=\"kc-elm kc-css-224816 kc_col-sm-4 kc_column_inner kc_col-sm-4\"><div class=\"img-hover-text2 text-left kc_wrapper kc-col-inner-container\"><div class=\"kc-elm kc-css-141004 kc_shortcode kc_single_image\">\n\n        <img decoding=\"async\" src=\"https:\/\/fundacionricardomartinez.net\/en-us\/wp-content\/uploads\/2018\/11\/ricardo-mata-1970-600x800xc.jpg\" class=\"respoimg opacity\" alt=\"\" \/>    <\/div>\n\n<div class=\"kc-elm kc-css-786361 kc-title-wrap distext distext\">\n\n\t<h2 class=\"kc_title caps white font-weight7 margin-bottom3\">WE CREATE COOL STUFF FOR YOU OF TF!<\/h2><h5 class=\"white font-weight3 line-height2\">Packages web page editors now use as their default model various versions have evolved over the years.<\/h5><hr class=\"style-one white quarter margin-top3\">\n<\/div>\n<\/div><\/div><\/div><\/div><\/div><\/div><\/div><\/section><section class=\"kc-elm kc-css-565538 kc_row shortcode_flipbox_section2\"><div class=\"kc-row-container  kc-container\"><div class=\"kc-wrap-columns\"><div class=\"kc-elm kc-css-820309 kc_col-sm-12 kc_column kc_col-sm-12\"><div class=\"kc-col-container\">\n<div class=\"kc-elm kc-css-818202 kc-animated kc-animate-eff-fadeInUp kc-animate-delay-100 kc-title-wrap \">\n\n\t<h3 class=\"kc_title title-style1\">Flip with background gradient<\/h3>\n<\/div>\n<div class=\"kc-elm kc-css-430351 kc_row kc_row_inner\"><div class=\"kc-elm kc-css-325787 kc_col-sm-4 kc_column_inner kc_col-sm-4\"><div class=\"kc_wrapper kc-col-inner-container\">\n<div class=\"kc-elm kc-css-787520 kc-flipbox kc-flip-container flip-vertical\" ontouchstart=\"this.classList.toggle('hover');\">\n\t<div class=\"flipper\">\n\t\t<div class=\"front\">\n\t\t\t<div class=\"front-content\">\n\t\t\t\t<h3>RIcrado Mart\u00ednez Lacy<\/h3>\t\t\t<\/div>\n\t\t<\/div>\n\t\t<div class=\"back\">\n\t\t\t<div class=\"des\">\n\t\t\t\t<h3>Presidente<\/h3>\t\t\t<\/div>\n\t\t<\/div>\n\t<\/div>\n<\/div>\n<div class=\"kc-elm kc-css-36414\" style=\"height: 30px; clear: both; width:100%;\"><\/div><\/div><\/div><div class=\"kc-elm kc-css-377058 kc_col-sm-4 kc_column_inner kc_col-sm-4\"><div class=\"kc_wrapper kc-col-inner-container\">\n<div class=\"kc-elm kc-css-431719 kc-flipbox kc-flip-container flip-vertical\" ontouchstart=\"this.classList.toggle('hover');\">\n\t<div class=\"flipper\">\n\t\t<div class=\"front\">\n\t\t\t<div class=\"front-content\">\n\t\t\t\t<h3>king composer<\/h3>\t\t\t<\/div>\n\t\t<\/div>\n\t\t<div class=\"back\">\n\t\t\t<div class=\"des\">\n\t\t\t\t<h3>King composer<\/h3><p>Lorem ipsum dolor sit amet, consectetur adipiscing elit, sed do eiusmod tempor.<\/p>\t\t\t<\/div>\n\t\t<\/div>\n\t<\/div>\n<\/div>\n<div class=\"kc-elm kc-css-658671\" style=\"height: 30px; clear: both; width:100%;\"><\/div><\/div><\/div><div class=\"kc-elm kc-css-28524 kc_col-sm-4 kc_column_inner kc_col-sm-4\"><div class=\"kc_wrapper kc-col-inner-container\">\n<div class=\"kc-elm kc-css-983639 kc-flipbox kc-flip-container flip-vertical\" ontouchstart=\"this.classList.toggle('hover');\">\n\t<div class=\"flipper\">\n\t\t<div class=\"front\">\n\t\t\t<div class=\"front-content\">\n\t\t\t\t<div class=\"wrap-icon\"><i class=\"et-tools\"><\/i><\/div>\t\t\t<\/div>\n\t\t<\/div>\n\t\t<div class=\"back\">\n\t\t\t<div class=\"des\">\n\t\t\t\t<h3>King composer<\/h3><p>Lorem ipsum dolor sit amet, consectetur adipiscing elit, sed do eiusmod tempor.<\/p><a class=\"button\" href=\"#\" target=\"_self\" title=\"\">read more<\/a>\t\t\t<\/div>\n\t\t<\/div>\n\t<\/div>\n<\/div>\n<div class=\"kc-elm kc-css-677064\" style=\"height: 30px; clear: both; width:100%;\"><\/div><\/div><\/div><\/div><div class=\"kc-elm kc-css-623922\" style=\"height: 80px; clear: both; width:100%;\"><\/div><\/div><\/div><\/div><\/div><\/section><\/p>\n","protected":false},"excerpt":{"rendered":"","protected":false},"author":1,"featured_media":0,"parent":1211,"menu_order":0,"comment_status":"closed","ping_status":"closed","template":"","meta":{"_exactmetrics_skip_tracking":false,"_exactmetrics_sitenote_active":false,"_exactmetrics_sitenote_note":"","_exactmetrics_sitenote_category":0,"footnotes":""},"class_list":["post-1626","page","type-page","status-publish","hentry"],"_links":{"self":[{"href":"https:\/\/fundacionricardomartinez.net\/en-us\/wp-json\/wp\/v2\/pages\/1626","targetHints":{"allow":["GET"]}}],"collection":[{"href":"https:\/\/fundacionricardomartinez.net\/en-us\/wp-json\/wp\/v2\/pages"}],"about":[{"href":"https:\/\/fundacionricardomartinez.net\/en-us\/wp-json\/wp\/v2\/types\/page"}],"author":[{"embeddable":true,"href":"https:\/\/fundacionricardomartinez.net\/en-us\/wp-json\/wp\/v2\/users\/1"}],"replies":[{"embeddable":true,"href":"https:\/\/fundacionricardomartinez.net\/en-us\/wp-json\/wp\/v2\/comments?post=1626"}],"version-history":[{"count":74,"href":"https:\/\/fundacionricardomartinez.net\/en-us\/wp-json\/wp\/v2\/pages\/1626\/revisions"}],"predecessor-version":[{"id":4274,"href":"https:\/\/fundacionricardomartinez.net\/en-us\/wp-json\/wp\/v2\/pages\/1626\/revisions\/4274"}],"up":[{"embeddable":true,"href":"https:\/\/fundacionricardomartinez.net\/en-us\/wp-json\/wp\/v2\/pages\/1211"}],"wp:attachment":[{"href":"https:\/\/fundacionricardomartinez.net\/en-us\/wp-json\/wp\/v2\/media?parent=1626"}],"curies":[{"name":"wp","href":"https:\/\/api.w.org\/{rel}","templated":true}]}}