{"id":2029,"date":"2018-11-23T09:19:29","date_gmt":"2018-11-23T09:19:29","guid":{"rendered":"https:\/\/fundacionricardomartinez.net\/en-us\/?page_id=2029"},"modified":"2022-05-04T16:15:57","modified_gmt":"2022-05-04T22:15:57","slug":"1940-1949","status":"publish","type":"page","link":"https:\/\/fundacionricardomartinez.net\/en-us\/1940-1949\/","title":{"rendered":"1940-1949"},"content":{"rendered":"<p><section class=\"kc-elm kc-css-163393 kc_row ten_section_1\"><div class=\"kc-row-container  kc-container\"><div class=\"kc-wrap-columns\"><div class=\"kc-elm kc-css-424338 kc_col-sm-12 kc_column kc_col-sm-12\"><div class=\"herotext kc-col-container\">\n<div class=\"kc-elm kc-css-231847 kc-title-wrap \">\n\n\t<h1 class=\"kc_title\">Works<br>\r\n1940 - 1949<\/h1>\n<\/div>\n<\/div><\/div><\/div><\/div><\/section><section id=\"home\" class=\"kc-elm kc-css-114324 kc_row mazuti_section_1\"><div class=\"kc-row-container  kc-container\"><div class=\"kc-wrap-columns\"><div class=\"kc-elm kc-css-399480 kc_col-sm-12 kc_column kc_col-sm-12\"><div class=\"kc-col-container\">\n<div class=\"kc-elm kc-css-139372 kc-title-wrap \">\n\n\t<h4 class=\"caps sitecolor font-weight5 margin-bottom1\">Las im\u00e1genes de la galer\u00eda de obras forman parte del Cat\u00e1logo razonado de la Fundaci\u00f3n.<\/h4><h2 class=\"kc_title playfair big3 font-weight5 margin-bottom3\"><\/h2>\n<\/div>\n<div class=\"kc-elm kc-css-724227\" style=\"height: 90px; clear: both; width:100%;\"><\/div><\/div><\/div><\/div><\/div><\/section><section id=\"works\" class=\"kc-elm kc-css-93322 kc_row nixa_section_2\"><div class=\"kc-row-container  kc-container\"><div class=\"kc-wrap-columns\"><div class=\"kc-elm kc-css-463504 kc_col-sm-12 kc_column kc_col-sm-12\"><div class=\"kc-col-container\">\n<div class=\"kc-elm kc-css-685386 kc-title-wrap \">\n\n\t<h2 class=\"kc_title dosis big2 less4 left font-weight7 margin-bottom4\">Gallery images belongs to Ricardo Martinez Fundation's Catalogue raisonne<\/h2>\n<\/div>\n<div class=\"kc-elm kc-css-408487\" style=\"height: 90px; clear: both; width:100%;\"><\/div><div class=\"kc-elm kc-css-152774 kc_row kc_row_inner\"><div class=\"kc-elm kc-css-974439 kc_col-sm-12 kc_column_inner kc_col-sm-12\"><div class=\"box kc_wrapper kc-col-inner-container\"><div class=\"kc-elm kc-css-322772 kc_row kc_row_inner\"><div class=\"kc-elm kc-css-340456 kc_col-sm-6 kc_column_inner kc_col-sm-6\"><div class=\"kc_wrapper kc-col-inner-container\">\n<div class=\"kc-elm kc-css-58963 kc-title-wrap \">\n\n\t<h2 class=\"kc_title playfair big font-weight7\">Women<\/h2>\n<\/div>\n\n<div class=\"kc-elm kc-css-981292 kc-title-wrap \">\n\n\t<h5 class=\"kc_title font-weight3 line-height\">1941, oil on cardboard<\/h5>\n<\/div>\n<\/div><\/div><div class=\"kc-elm kc-css-3609 kc_col-sm-6 kc_column_inner kc_col-sm-6\"><div class=\"kc_wrapper kc-col-inner-container\"><\/div><\/div><\/div><div class=\"kc-elm kc-css-783831\" style=\"height: 50px; clear: both; width:100%;\"><\/div><div class=\"kc-elm kc-css-792199 kc_shortcode kc_single_image\">\n\n        <a rel=\"prettyPhoto\" class=\"kc-pretty-photo\" href=\"https:\/\/fundacionricardomartinez.net\/en-us\/wp-content\/uploads\/2022\/05\/1940-1.jpg\" title=\"\" target=\"\">\n        <img decoding=\"async\" src=\"https:\/\/fundacionricardomartinez.net\/en-us\/wp-content\/uploads\/2022\/05\/1940-1-631x1024.jpg\" class=\"respoimg\" alt=\"\" \/>    <\/a>\n    <\/div>\n<\/div><\/div><\/div><div class=\"kc-elm kc-css-38597\" style=\"height: 90px; clear: both; width:100%;\"><\/div><div class=\"kc-elm kc-css-666387 kc_row kc_row_inner\"><div class=\"kc-elm kc-css-970065 kc_col-sm-12 kc_column_inner kc_col-sm-12\"><div class=\"box kc_wrapper kc-col-inner-container\"><div class=\"kc-elm kc-css-803802 kc_row kc_row_inner\"><div class=\"kc-elm kc-css-660370 kc_col-sm-6 kc_column_inner kc_col-sm-6\"><div class=\"kc_wrapper kc-col-inner-container\">\n<div class=\"kc-elm kc-css-492993 kc-title-wrap \">\n\n\t<h2 class=\"kc_title playfair big font-weight7\">Choir<\/h2>\n<\/div>\n\n<div class=\"kc-elm kc-css-537444 kc-title-wrap \">\n\n\t<h5 class=\"kc_title font-weight3 line-height\">1942, oil on canvas<\/h5>\n<\/div>\n<\/div><\/div><div class=\"kc-elm kc-css-267837 kc_col-sm-6 kc_column_inner kc_col-sm-6\"><div class=\"kc_wrapper kc-col-inner-container\"><\/div><\/div><\/div><div class=\"kc-elm kc-css-239143\" style=\"height: 50px; clear: both; width:100%;\"><\/div><div class=\"kc-elm kc-css-232274 kc_shortcode kc_single_image\">\n\n        <a rel=\"prettyPhoto\" class=\"kc-pretty-photo\" href=\"https:\/\/fundacionricardomartinez.net\/en-us\/wp-content\/uploads\/2022\/05\/1940-2.jpg\" title=\"\" target=\"\">\n        <img decoding=\"async\" src=\"https:\/\/fundacionricardomartinez.net\/en-us\/wp-content\/uploads\/2022\/05\/1940-2-1024x595.jpg\" class=\"respoimg\" alt=\"\" \/>    <\/a>\n    <\/div>\n<\/div><\/div><\/div><div class=\"kc-elm kc-css-645383\" style=\"height: 90px; clear: both; width:100%;\"><\/div><div class=\"kc-elm kc-css-702074 kc_row kc_row_inner\"><div class=\"kc-elm kc-css-466584 kc_col-sm-12 kc_column_inner kc_col-sm-12\"><div class=\"box kc_wrapper kc-col-inner-container\"><div class=\"kc-elm kc-css-498761 kc_row kc_row_inner\"><div class=\"kc-elm kc-css-820185 kc_col-sm-6 kc_column_inner kc_col-sm-6\"><div class=\"kc_wrapper kc-col-inner-container\">\n<div class=\"kc-elm kc-css-677768 kc-title-wrap \">\n\n\t<h2 class=\"kc_title playfair big font-weight7\">The lost baloon<\/h2>\n<\/div>\n\n<div class=\"kc-elm kc-css-91526 kc-title-wrap \">\n\n\t<h5 class=\"kc_title font-weight3 line-height\">1944, gouache on canvas<\/h5>\n<\/div>\n<\/div><\/div><div class=\"kc-elm kc-css-232959 kc_col-sm-6 kc_column_inner kc_col-sm-6\"><div class=\"kc_wrapper kc-col-inner-container\"><\/div><\/div><\/div><div class=\"kc-elm kc-css-200880\" style=\"height: 50px; clear: both; width:100%;\"><\/div><div class=\"kc-elm kc-css-294882 kc_shortcode kc_single_image\">\n\n        <a rel=\"prettyPhoto\" class=\"kc-pretty-photo\" href=\"https:\/\/fundacionricardomartinez.net\/en-us\/wp-content\/uploads\/2022\/05\/1940-3.jpg\" title=\"\" target=\"\">\n        <img decoding=\"async\" src=\"https:\/\/fundacionricardomartinez.net\/en-us\/wp-content\/uploads\/2022\/05\/1940-3-702x1024.jpg\" class=\"respoimg\" alt=\"\" \/>    <\/a>\n    <\/div>\n<\/div><\/div><\/div><div class=\"kc-elm kc-css-616063\" style=\"height: 90px; clear: both; width:100%;\"><\/div><div class=\"kc-elm kc-css-508073 kc_row kc_row_inner\"><div class=\"kc-elm kc-css-889096 kc_col-sm-12 kc_column_inner kc_col-sm-12\"><div class=\"box kc_wrapper kc-col-inner-container\"><div class=\"kc-elm kc-css-196007 kc_row kc_row_inner\"><div class=\"kc-elm kc-css-683506 kc_col-sm-6 kc_column_inner kc_col-sm-6\"><div class=\"kc_wrapper kc-col-inner-container\">\n<div class=\"kc-elm kc-css-151311 kc-title-wrap \">\n\n\t<h2 class=\"kc_title playfair big font-weight7\">Magueys<\/h2>\n<\/div>\n\n<div class=\"kc-elm kc-css-28949 kc-title-wrap \">\n\n\t<h5 class=\"kc_title font-weight3 line-height\">1947, oil on canvas<\/h5>\n<\/div>\n<\/div><\/div><div class=\"kc-elm kc-css-613165 kc_col-sm-6 kc_column_inner kc_col-sm-6\"><div class=\"kc_wrapper kc-col-inner-container\"><\/div><\/div><\/div><div class=\"kc-elm kc-css-725147\" style=\"height: 50px; clear: both; width:100%;\"><\/div><div class=\"kc-elm kc-css-626550 kc_shortcode kc_single_image\">\n\n        <a rel=\"prettyPhoto\" class=\"kc-pretty-photo\" href=\"https:\/\/fundacionricardomartinez.net\/en-us\/wp-content\/uploads\/2022\/05\/1940-4.jpg\" title=\"\" target=\"\">\n        <img decoding=\"async\" src=\"https:\/\/fundacionricardomartinez.net\/en-us\/wp-content\/uploads\/2022\/05\/1940-4-1024x551.jpg\" class=\"respoimg\" alt=\"\" \/>    <\/a>\n    <\/div>\n<\/div><\/div><\/div><div class=\"kc-elm kc-css-232221\" style=\"height: 90px; clear: both; width:100%;\"><\/div><\/div><\/div><\/div><\/div><\/section><\/p>\n","protected":false},"excerpt":{"rendered":"","protected":false},"author":1,"featured_media":0,"parent":0,"menu_order":0,"comment_status":"closed","ping_status":"closed","template":"","meta":{"_exactmetrics_skip_tracking":false,"_exactmetrics_sitenote_active":false,"_exactmetrics_sitenote_note":"","_exactmetrics_sitenote_category":0,"footnotes":""},"class_list":["post-2029","page","type-page","status-publish","hentry"],"_links":{"self":[{"href":"https:\/\/fundacionricardomartinez.net\/en-us\/wp-json\/wp\/v2\/pages\/2029","targetHints":{"allow":["GET"]}}],"collection":[{"href":"https:\/\/fundacionricardomartinez.net\/en-us\/wp-json\/wp\/v2\/pages"}],"about":[{"href":"https:\/\/fundacionricardomartinez.net\/en-us\/wp-json\/wp\/v2\/types\/page"}],"author":[{"embeddable":true,"href":"https:\/\/fundacionricardomartinez.net\/en-us\/wp-json\/wp\/v2\/users\/1"}],"replies":[{"embeddable":true,"href":"https:\/\/fundacionricardomartinez.net\/en-us\/wp-json\/wp\/v2\/comments?post=2029"}],"version-history":[{"count":42,"href":"https:\/\/fundacionricardomartinez.net\/en-us\/wp-json\/wp\/v2\/pages\/2029\/revisions"}],"predecessor-version":[{"id":4532,"href":"https:\/\/fundacionricardomartinez.net\/en-us\/wp-json\/wp\/v2\/pages\/2029\/revisions\/4532"}],"wp:attachment":[{"href":"https:\/\/fundacionricardomartinez.net\/en-us\/wp-json\/wp\/v2\/media?parent=2029"}],"curies":[{"name":"wp","href":"https:\/\/api.w.org\/{rel}","templated":true}]}}