{"id":2195,"date":"2018-11-25T08:37:07","date_gmt":"2018-11-25T08:37:07","guid":{"rendered":"https:\/\/fundacionricardomartinez.net\/en-us\/?page_id=2195"},"modified":"2019-03-27T20:07:33","modified_gmt":"2019-03-27T20:07:33","slug":"expansion-ritmica-de-los-volumenes-museo-de-arte-moderno-inba-1974","status":"publish","type":"page","link":"https:\/\/fundacionricardomartinez.net\/en-us\/expansion-ritmica-de-los-volumenes-museo-de-arte-moderno-inba-1974\/","title":{"rendered":"Expansion r\u00edtmica de los vol\u00famenes, museo de arte moderno, inba 1974"},"content":{"rendered":"<p><section class=\"kc-elm kc-css-879288 kc_row ten_section_1\"><div class=\"kc-row-container  kc-container\"><div class=\"kc-wrap-columns\"><div class=\"kc-elm kc-css-221658 kc_col-sm-12 kc_column kc_col-sm-12\"><div class=\"herotext kc-col-container\">\n<div class=\"kc-elm kc-css-604334 kc-title-wrap \">\n\n\t<h1 class=\"kc_title\">Exposici\u00f3n<\/h1>\n<\/div>\n\n<div class=\"kc-elm kc-css-864785 kc-title-wrap \">\n\n\t<h2 class=\"kc_title\">Expansion r\u00edtmica de los vol\u00famenes<br>\r\nMuseo de Arte Moderno, INBA, 1974<\/h2>\n<\/div>\n<\/div><\/div><\/div><\/div><\/section><section id=\"works\" class=\"kc-elm kc-css-647784 kc_row nixa_section_2\"><div class=\"kc-row-container  kc-container\"><div class=\"kc-wrap-columns\"><div class=\"kc-elm kc-css-609002 kc_col-sm-12 kc_column kc_col-sm-12\"><div class=\"kc-col-container\"><div class=\"kc-elm kc-css-787873\" style=\"height: 90px; clear: both; width:100%;\"><\/div><div class=\"kc-elm kc-css-767270 kc_row kc_row_inner\"><div class=\"kc-elm kc-css-26979 kc_col-sm-12 kc_column_inner kc_col-sm-12\"><div class=\"box kc_wrapper kc-col-inner-container\"><div class=\"kc-elm kc-css-30337 kc_row kc_row_inner\"><div class=\"kc-elm kc-css-570977 kc_col-sm-6 kc_column_inner kc_col-sm-6\"><div class=\"kc_wrapper kc-col-inner-container\">\n<div class=\"kc-elm kc-css-313174 kc-title-wrap \">\n\n\t<h2 class=\"kc_title playfair big font-weight7\">Photography:<\/h2>\n<\/div>\n\n<div class=\"kc-elm kc-css-654898 kc-title-wrap \">\n\n\t<h5 class=\"kc_title font-weight3 line-height\">Expansi\u00f3n r\u00edtmica de los vol\u00famenes, Modern Art Museum Mexico, INBA, 1974 : Anonymus, n.d.<\/h5>\n<\/div>\n<\/div><\/div><div class=\"kc-elm kc-css-407203 kc_col-sm-6 kc_column_inner kc_col-sm-6\"><div class=\"kc_wrapper kc-col-inner-container\"><\/div><\/div><\/div><div class=\"kc-elm kc-css-772512\" style=\"height: 50px; clear: both; width:100%;\"><\/div><div class=\"kc-elm kc-css-21858 kc_shortcode kc_single_image\">\n\n        <a rel=\"prettyPhoto\" class=\"kc-pretty-photo\" href=\"https:\/\/fundacionricardomartinez.net\/en-us\/wp-content\/uploads\/2018\/11\/AF-EXP-003-01-1.jpg\" title=\"\" target=\"\">\n        <img decoding=\"async\" src=\"https:\/\/fundacionricardomartinez.net\/en-us\/wp-content\/uploads\/2018\/11\/AF-EXP-003-01-1-1024x855.jpg\" class=\"respoimg\" alt=\"\" \/>    <\/a>\n    <\/div>\n<\/div><\/div><\/div><div class=\"kc-elm kc-css-404862\" style=\"height: 90px; clear: both; width:100%;\"><\/div><div class=\"kc-elm kc-css-25309 kc_row kc_row_inner\"><div class=\"kc-elm kc-css-606172 kc_col-sm-12 kc_column_inner kc_col-sm-12\"><div class=\"box kc_wrapper kc-col-inner-container\"><div class=\"kc-elm kc-css-816454 kc_row kc_row_inner\"><div class=\"kc-elm kc-css-314048 kc_col-sm-6 kc_column_inner kc_col-sm-6\"><div class=\"kc_wrapper kc-col-inner-container\">\n<div class=\"kc-elm kc-css-802261 kc-title-wrap \">\n\n\t<h2 class=\"kc_title playfair big font-weight7\">Photography:<\/h2>\n<\/div>\n\n<div class=\"kc-elm kc-css-310392 kc-title-wrap \">\n\n\t<h5 class=\"kc_title font-weight3 line-height\">Expansi\u00f3n r\u00edtmica de los vol\u00famenes, Modern Art Museum Mexico, INBA, 1974 : Anonymus, n.d.<\/h5>\n<\/div>\n<\/div><\/div><div class=\"kc-elm kc-css-963252 kc_col-sm-6 kc_column_inner kc_col-sm-6\"><div class=\"kc_wrapper kc-col-inner-container\"><\/div><\/div><\/div><div class=\"kc-elm kc-css-697712\" style=\"height: 50px; clear: both; width:100%;\"><\/div><div class=\"kc-elm kc-css-671315 kc_shortcode kc_single_image\">\n\n        <a rel=\"prettyPhoto\" class=\"kc-pretty-photo\" href=\"https:\/\/fundacionricardomartinez.net\/en-us\/wp-content\/uploads\/2018\/11\/AF-EXP-003-01-2.jpg\" title=\"\" target=\"\">\n        <img decoding=\"async\" src=\"https:\/\/fundacionricardomartinez.net\/en-us\/wp-content\/uploads\/2018\/11\/AF-EXP-003-01-2-1024x753.jpg\" class=\"respoimg\" alt=\"\" \/>    <\/a>\n    <\/div>\n<\/div><\/div><\/div><div class=\"kc-elm kc-css-566933\" style=\"height: 90px; clear: both; width:100%;\"><\/div><div class=\"kc-elm kc-css-350335 kc_row kc_row_inner\"><div class=\"kc-elm kc-css-807411 kc_col-sm-12 kc_column_inner kc_col-sm-12\"><div class=\"box kc_wrapper kc-col-inner-container\"><div class=\"kc-elm kc-css-900932 kc_row kc_row_inner\"><div class=\"kc-elm kc-css-881169 kc_col-sm-6 kc_column_inner kc_col-sm-6\"><div class=\"kc_wrapper kc-col-inner-container\">\n<div class=\"kc-elm kc-css-728570 kc-title-wrap \">\n\n\t<h2 class=\"kc_title playfair big font-weight7\">Invitation:<\/h2>\n<\/div>\n\n<div class=\"kc-elm kc-css-147673 kc-title-wrap \">\n\n\t<h5 class=\"kc_title font-weight3 line-height\">1974 - Front<\/h5>\n<\/div>\n<\/div><\/div><div class=\"kc-elm kc-css-816626 kc_col-sm-6 kc_column_inner kc_col-sm-6\"><div class=\"kc_wrapper kc-col-inner-container\"><\/div><\/div><\/div><div class=\"kc-elm kc-css-142108\" style=\"height: 50px; clear: both; width:100%;\"><\/div><div class=\"kc-elm kc-css-990960 kc_shortcode kc_single_image\">\n\n        <a rel=\"prettyPhoto\" class=\"kc-pretty-photo\" href=\"https:\/\/fundacionricardomartinez.net\/en-us\/wp-content\/uploads\/2018\/11\/AG-IND-017-02-2.jpg\" title=\"\" target=\"\">\n        <img decoding=\"async\" src=\"https:\/\/fundacionricardomartinez.net\/en-us\/wp-content\/uploads\/2018\/11\/AG-IND-017-02-2-1024x773.jpg\" class=\"respoimg\" alt=\"\" \/>    <\/a>\n    <\/div>\n<\/div><\/div><\/div><div class=\"kc-elm kc-css-883623\" style=\"height: 90px; clear: both; width:100%;\"><\/div><div class=\"kc-elm kc-css-814861 kc_row kc_row_inner\"><div class=\"kc-elm kc-css-287679 kc_col-sm-12 kc_column_inner kc_col-sm-12\"><div class=\"box kc_wrapper kc-col-inner-container\"><div class=\"kc-elm kc-css-544099 kc_row kc_row_inner\"><div class=\"kc-elm kc-css-150835 kc_col-sm-6 kc_column_inner kc_col-sm-6\"><div class=\"kc_wrapper kc-col-inner-container\">\n<div class=\"kc-elm kc-css-885640 kc-title-wrap \">\n\n\t<h2 class=\"kc_title playfair big font-weight7\">Invitation:<\/h2>\n<\/div>\n\n<div class=\"kc-elm kc-css-868782 kc-title-wrap \">\n\n\t<h5 class=\"kc_title font-weight3 line-height\">1974 - Back<\/h5>\n<\/div>\n<\/div><\/div><div class=\"kc-elm kc-css-359404 kc_col-sm-6 kc_column_inner kc_col-sm-6\"><div class=\"kc_wrapper kc-col-inner-container\"><\/div><\/div><\/div><div class=\"kc-elm kc-css-916056\" style=\"height: 50px; clear: both; width:100%;\"><\/div><div class=\"kc-elm kc-css-451619 kc_shortcode kc_single_image\">\n\n        <a rel=\"prettyPhoto\" class=\"kc-pretty-photo\" href=\"https:\/\/fundacionricardomartinez.net\/en-us\/wp-content\/uploads\/2018\/11\/AG-IND-017-02-1.jpg\" title=\"\" target=\"\">\n        <img decoding=\"async\" src=\"https:\/\/fundacionricardomartinez.net\/en-us\/wp-content\/uploads\/2018\/11\/AG-IND-017-02-1-1024x751.jpg\" class=\"respoimg\" alt=\"\" \/>    <\/a>\n    <\/div>\n<\/div><\/div><\/div><div class=\"kc-elm kc-css-205348\" style=\"height: 90px; clear: both; width:100%;\"><\/div><\/div><\/div><\/div><\/div><\/section><\/p>\n","protected":false},"excerpt":{"rendered":"","protected":false},"author":1,"featured_media":0,"parent":0,"menu_order":0,"comment_status":"closed","ping_status":"closed","template":"","meta":{"_exactmetrics_skip_tracking":false,"_exactmetrics_sitenote_active":false,"_exactmetrics_sitenote_note":"","_exactmetrics_sitenote_category":0,"footnotes":""},"class_list":["post-2195","page","type-page","status-publish","hentry"],"_links":{"self":[{"href":"https:\/\/fundacionricardomartinez.net\/en-us\/wp-json\/wp\/v2\/pages\/2195","targetHints":{"allow":["GET"]}}],"collection":[{"href":"https:\/\/fundacionricardomartinez.net\/en-us\/wp-json\/wp\/v2\/pages"}],"about":[{"href":"https:\/\/fundacionricardomartinez.net\/en-us\/wp-json\/wp\/v2\/types\/page"}],"author":[{"embeddable":true,"href":"https:\/\/fundacionricardomartinez.net\/en-us\/wp-json\/wp\/v2\/users\/1"}],"replies":[{"embeddable":true,"href":"https:\/\/fundacionricardomartinez.net\/en-us\/wp-json\/wp\/v2\/comments?post=2195"}],"version-history":[{"count":20,"href":"https:\/\/fundacionricardomartinez.net\/en-us\/wp-json\/wp\/v2\/pages\/2195\/revisions"}],"predecessor-version":[{"id":3826,"href":"https:\/\/fundacionricardomartinez.net\/en-us\/wp-json\/wp\/v2\/pages\/2195\/revisions\/3826"}],"wp:attachment":[{"href":"https:\/\/fundacionricardomartinez.net\/en-us\/wp-json\/wp\/v2\/media?parent=2195"}],"curies":[{"name":"wp","href":"https:\/\/api.w.org\/{rel}","templated":true}]}}