{"id":2247,"date":"2018-11-25T09:43:04","date_gmt":"2018-11-25T09:43:04","guid":{"rendered":"https:\/\/fundacionricardomartinez.net\/en-us\/?page_id=2247"},"modified":"2019-03-27T20:34:08","modified_gmt":"2019-03-27T20:34:08","slug":"exposicion-antologica-de-ricardo-martinez-homenaje-bellas-artes-1994","status":"publish","type":"page","link":"https:\/\/fundacionricardomartinez.net\/en-us\/exposicion-antologica-de-ricardo-martinez-homenaje-bellas-artes-1994\/","title":{"rendered":"Exposici\u00f3n Antol\u00f3gica de Ricardo Mart\u00ednez Homenaje, Bellas Artes 1994"},"content":{"rendered":"<p><section class=\"kc-elm kc-css-85116 kc_row ten_section_1\"><div class=\"kc-row-container  kc-container\"><div class=\"kc-wrap-columns\"><div class=\"kc-elm kc-css-954610 kc_col-sm-12 kc_column kc_col-sm-12\"><div class=\"herotext kc-col-container\">\n<div class=\"kc-elm kc-css-978565 kc-title-wrap \">\n\n\t<h1 class=\"kc_title\">Antologic exhibition<\/h1>\n<\/div>\n\n<div class=\"kc-elm kc-css-557679 kc-title-wrap \">\n\n\t<h2 class=\"kc_title\">Of Ricardo Mart\u00ednez Homage<br>\r\nMuseo del Palacio de Bellas Artes, INBA, 1994<\/h2>\n<\/div>\n<\/div><\/div><\/div><\/div><\/section><section id=\"works\" class=\"kc-elm kc-css-527267 kc_row nixa_section_2\"><div class=\"kc-row-container  kc-container\"><div class=\"kc-wrap-columns\"><div class=\"kc-elm kc-css-853554 kc_col-sm-12 kc_column kc_col-sm-12\"><div class=\"kc-col-container\"><div class=\"kc-elm kc-css-52904 kc_row kc_row_inner\"><div class=\"kc-elm kc-css-148503 kc_col-sm-12 kc_column_inner kc_col-sm-12\"><div class=\"box kc_wrapper kc-col-inner-container\"><div class=\"kc-elm kc-css-890622 kc_row kc_row_inner\"><div class=\"kc-elm kc-css-858163 kc_col-sm-6 kc_column_inner kc_col-sm-6\"><div class=\"kc_wrapper kc-col-inner-container\">\n<div class=\"kc-elm kc-css-933910 kc-title-wrap \">\n\n\t<h2 class=\"kc_title playfair big font-weight7\">Personal Invitation<\/h2>\n<\/div>\n\n<div class=\"kc-elm kc-css-996141 kc-title-wrap \">\n\n\t<h5 class=\"kc_title font-weight3 line-height\">Museo del Palacio de Bellas Artes, INBA, 1994<\/h5>\n<\/div>\n<\/div><\/div><div class=\"kc-elm kc-css-757299 kc_col-sm-6 kc_column_inner kc_col-sm-6\"><div class=\"kc_wrapper kc-col-inner-container\"><\/div><\/div><\/div><div class=\"kc-elm kc-css-883926\" style=\"height: 50px; clear: both; width:100%;\"><\/div><div class=\"kc-elm kc-css-295752 kc_shortcode kc_single_image\">\n\n        <a rel=\"prettyPhoto\" class=\"kc-pretty-photo\" href=\"https:\/\/fundacionricardomartinez.net\/en-us\/wp-content\/uploads\/2018\/11\/AG-IND-019-01-1.jpg\" title=\"\" target=\"\">\n        <img decoding=\"async\" src=\"https:\/\/fundacionricardomartinez.net\/en-us\/wp-content\/uploads\/2018\/11\/AG-IND-019-01-1-899x1024.jpg\" class=\"respoimg\" alt=\"\" \/>    <\/a>\n    <\/div>\n<\/div><\/div><\/div><div class=\"kc-elm kc-css-583812\" style=\"height: 90px; clear: both; width:100%;\"><\/div><div class=\"kc-elm kc-css-78161 kc_row kc_row_inner\"><div class=\"kc-elm kc-css-228030 kc_col-sm-12 kc_column_inner kc_col-sm-12\"><div class=\"box kc_wrapper kc-col-inner-container\"><div class=\"kc-elm kc-css-410909 kc_row kc_row_inner\"><div class=\"kc-elm kc-css-923705 kc_col-sm-6 kc_column_inner kc_col-sm-6\"><div class=\"kc_wrapper kc-col-inner-container\">\n<div class=\"kc-elm kc-css-798992 kc-title-wrap \">\n\n\t<h2 class=\"kc_title playfair big font-weight7\">Photography<\/h2>\n<\/div>\n\n<div class=\"kc-elm kc-css-723835 kc-title-wrap \">\n\n\t<h5 class=\"kc_title font-weight3 line-height\">Pablo Mart\u00ednez Lacy<\/h5>\n<\/div>\n<\/div><\/div><div class=\"kc-elm kc-css-816726 kc_col-sm-6 kc_column_inner kc_col-sm-6\"><div class=\"kc_wrapper kc-col-inner-container\"><\/div><\/div><\/div><div class=\"kc-elm kc-css-199002\" style=\"height: 50px; clear: both; width:100%;\"><\/div><div class=\"kc-elm kc-css-786527 kc_shortcode kc_single_image\">\n\n        <a rel=\"prettyPhoto\" class=\"kc-pretty-photo\" href=\"https:\/\/fundacionricardomartinez.net\/en-us\/wp-content\/uploads\/2018\/11\/AF-EXP-006-01-1.jpg\" title=\"\" target=\"\">\n        <img decoding=\"async\" src=\"https:\/\/fundacionricardomartinez.net\/en-us\/wp-content\/uploads\/2018\/11\/AF-EXP-006-01-1-517x800xc.jpg\" class=\"respoimg\" alt=\"\" \/>    <\/a>\n    <\/div>\n<\/div><\/div><\/div><div class=\"kc-elm kc-css-663543\" style=\"height: 90px; clear: both; width:100%;\"><\/div><div class=\"kc-elm kc-css-521060 kc_row kc_row_inner\"><div class=\"kc-elm kc-css-322392 kc_col-sm-12 kc_column_inner kc_col-sm-12\"><div class=\"box kc_wrapper kc-col-inner-container\"><div class=\"kc-elm kc-css-404719 kc_row kc_row_inner\"><div class=\"kc-elm kc-css-724498 kc_col-sm-6 kc_column_inner kc_col-sm-6\"><div class=\"kc_wrapper kc-col-inner-container\">\n<div class=\"kc-elm kc-css-126716 kc-title-wrap \">\n\n\t<h2 class=\"kc_title playfair big font-weight7\">Photography<\/h2>\n<\/div>\n\n<div class=\"kc-elm kc-css-268027 kc-title-wrap \">\n\n\t<h5 class=\"kc_title font-weight3 line-height\">Pablo Mart\u00ednez Lacy<\/h5>\n<\/div>\n<\/div><\/div><div class=\"kc-elm kc-css-215569 kc_col-sm-6 kc_column_inner kc_col-sm-6\"><div class=\"kc_wrapper kc-col-inner-container\"><\/div><\/div><\/div><div class=\"kc-elm kc-css-559949\" style=\"height: 50px; clear: both; width:100%;\"><\/div><div class=\"kc-elm kc-css-666954 kc_shortcode kc_single_image\">\n\n        <a rel=\"prettyPhoto\" class=\"kc-pretty-photo\" href=\"https:\/\/fundacionricardomartinez.net\/en-us\/wp-content\/uploads\/2018\/11\/AF-EXP-006-01-13.jpg\" title=\"\" target=\"\">\n        <img decoding=\"async\" src=\"https:\/\/fundacionricardomartinez.net\/en-us\/wp-content\/uploads\/2018\/11\/AF-EXP-006-01-13-1024x683.jpg\" class=\"respoimg\" alt=\"\" \/>    <\/a>\n    <\/div>\n<\/div><\/div><\/div><div class=\"kc-elm kc-css-926938\" style=\"height: 90px; clear: both; width:100%;\"><\/div><div class=\"kc-elm kc-css-726789 kc_row kc_row_inner\"><div class=\"kc-elm kc-css-115245 kc_col-sm-12 kc_column_inner kc_col-sm-12\"><div class=\"box kc_wrapper kc-col-inner-container\"><div class=\"kc-elm kc-css-608659 kc_row kc_row_inner\"><div class=\"kc-elm kc-css-219357 kc_col-sm-6 kc_column_inner kc_col-sm-6\"><div class=\"kc_wrapper kc-col-inner-container\">\n<div class=\"kc-elm kc-css-64020 kc-title-wrap \">\n\n\t<h2 class=\"kc_title playfair big font-weight7\">Photography<\/h2>\n<\/div>\n\n<div class=\"kc-elm kc-css-734146 kc-title-wrap \">\n\n\t<h5 class=\"kc_title font-weight3 line-height\">Pablo Mart\u00ednez Lacy<\/h5>\n<\/div>\n<\/div><\/div><div class=\"kc-elm kc-css-676364 kc_col-sm-6 kc_column_inner kc_col-sm-6\"><div class=\"kc_wrapper kc-col-inner-container\"><\/div><\/div><\/div><div class=\"kc-elm kc-css-859062\" style=\"height: 50px; clear: both; width:100%;\"><\/div><div class=\"kc-elm kc-css-614495 kc_shortcode kc_single_image\">\n\n        <a rel=\"prettyPhoto\" class=\"kc-pretty-photo\" href=\"https:\/\/fundacionricardomartinez.net\/en-us\/wp-content\/uploads\/2018\/11\/AF-EXP-006-01-17.jpg\" title=\"\" target=\"\">\n        <img decoding=\"async\" src=\"https:\/\/fundacionricardomartinez.net\/en-us\/wp-content\/uploads\/2018\/11\/AF-EXP-006-01-17-1024x692.jpg\" class=\"respoimg\" alt=\"\" \/>    <\/a>\n    <\/div>\n<\/div><\/div><\/div><div class=\"kc-elm kc-css-476674\" style=\"height: 90px; clear: both; width:100%;\"><\/div><div class=\"kc-elm kc-css-732098 kc_row kc_row_inner\"><div class=\"kc-elm kc-css-54466 kc_col-sm-12 kc_column_inner kc_col-sm-12\"><div class=\"box kc_wrapper kc-col-inner-container\"><div class=\"kc-elm kc-css-761077 kc_row kc_row_inner\"><div class=\"kc-elm kc-css-277455 kc_col-sm-6 kc_column_inner kc_col-sm-6\"><div class=\"kc_wrapper kc-col-inner-container\">\n<div class=\"kc-elm kc-css-82596 kc-title-wrap \">\n\n\t<h2 class=\"kc_title playfair big font-weight7\">Photography<\/h2>\n<\/div>\n\n<div class=\"kc-elm kc-css-30089 kc-title-wrap \">\n\n\t<h5 class=\"kc_title font-weight3 line-height\">Pablo Mart\u00ednez Lacy<\/h5>\n<\/div>\n<\/div><\/div><div class=\"kc-elm kc-css-840 kc_col-sm-6 kc_column_inner kc_col-sm-6\"><div class=\"kc_wrapper kc-col-inner-container\"><\/div><\/div><\/div><div class=\"kc-elm kc-css-753192\" style=\"height: 50px; clear: both; width:100%;\"><\/div><div class=\"kc-elm kc-css-735822 kc_shortcode kc_single_image\">\n\n        <a rel=\"prettyPhoto\" class=\"kc-pretty-photo\" href=\"https:\/\/fundacionricardomartinez.net\/en-us\/wp-content\/uploads\/2018\/11\/AF-EXP-006-01-26.jpg\" title=\"\" target=\"\">\n        <img decoding=\"async\" src=\"https:\/\/fundacionricardomartinez.net\/en-us\/wp-content\/uploads\/2018\/11\/AF-EXP-006-01-26-1024x684.jpg\" class=\"respoimg\" alt=\"\" \/>    <\/a>\n    <\/div>\n<\/div><\/div><\/div><div class=\"kc-elm kc-css-42031\" style=\"height: 90px; clear: both; width:100%;\"><\/div><div class=\"kc-elm kc-css-597627 kc_row kc_row_inner\"><div class=\"kc-elm kc-css-24897 kc_col-sm-12 kc_column_inner kc_col-sm-12\"><div class=\"box kc_wrapper kc-col-inner-container\"><div class=\"kc-elm kc-css-209027 kc_row kc_row_inner\"><div class=\"kc-elm kc-css-456849 kc_col-sm-6 kc_column_inner kc_col-sm-6\"><div class=\"kc_wrapper kc-col-inner-container\">\n<div class=\"kc-elm kc-css-346806 kc-title-wrap \">\n\n\t<h2 class=\"kc_title playfair big font-weight7\">Phoography<\/h2>\n<\/div>\n\n<div class=\"kc-elm kc-css-151406 kc-title-wrap \">\n\n\t<h5 class=\"kc_title font-weight3 line-height\">Pablo Mart\u00ednez Lacy<\/h5>\n<\/div>\n<\/div><\/div><div class=\"kc-elm kc-css-623756 kc_col-sm-6 kc_column_inner kc_col-sm-6\"><div class=\"kc_wrapper kc-col-inner-container\"><\/div><\/div><\/div><div class=\"kc-elm kc-css-527612\" style=\"height: 50px; clear: both; width:100%;\"><\/div><div class=\"kc-elm kc-css-581059 kc_shortcode kc_single_image\">\n\n        <a rel=\"prettyPhoto\" class=\"kc-pretty-photo\" href=\"https:\/\/fundacionricardomartinez.net\/en-us\/wp-content\/uploads\/2018\/11\/AF-EXP-006-01-33.jpg\" title=\"\" target=\"\">\n        <img decoding=\"async\" src=\"https:\/\/fundacionricardomartinez.net\/en-us\/wp-content\/uploads\/2018\/11\/AF-EXP-006-01-33-1024x670.jpg\" class=\"respoimg\" alt=\"\" \/>    <\/a>\n    <\/div>\n<\/div><\/div><\/div><div class=\"kc-elm kc-css-99426\" style=\"height: 90px; clear: both; width:100%;\"><\/div><div class=\"kc-elm kc-css-993482 kc_row kc_row_inner\"><div class=\"kc-elm kc-css-245190 kc_col-sm-12 kc_column_inner kc_col-sm-12\"><div class=\"box kc_wrapper kc-col-inner-container\"><div class=\"kc-elm kc-css-132065 kc_row kc_row_inner\"><div class=\"kc-elm kc-css-415579 kc_col-sm-6 kc_column_inner kc_col-sm-6\"><div class=\"kc_wrapper kc-col-inner-container\">\n<div class=\"kc-elm kc-css-376805 kc-title-wrap \">\n\n\t<h2 class=\"kc_title playfair big font-weight7\">Photography<\/h2>\n<\/div>\n\n<div class=\"kc-elm kc-css-662210 kc-title-wrap \">\n\n\t<h5 class=\"kc_title font-weight3 line-height\">Pablo Mart\u00ednez Lacy<\/h5>\n<\/div>\n<\/div><\/div><div class=\"kc-elm kc-css-520490 kc_col-sm-6 kc_column_inner kc_col-sm-6\"><div class=\"kc_wrapper kc-col-inner-container\"><\/div><\/div><\/div><div class=\"kc-elm kc-css-50330\" style=\"height: 50px; clear: both; width:100%;\"><\/div><div class=\"kc-elm kc-css-599096 kc_shortcode kc_single_image\">\n\n        <a rel=\"prettyPhoto\" class=\"kc-pretty-photo\" href=\"https:\/\/fundacionricardomartinez.net\/en-us\/wp-content\/uploads\/2018\/11\/AF-EXP-006-01-45.jpg\" title=\"\" target=\"\">\n        <img decoding=\"async\" src=\"https:\/\/fundacionricardomartinez.net\/en-us\/wp-content\/uploads\/2018\/11\/AF-EXP-006-01-45-1024x684.jpg\" class=\"respoimg\" alt=\"\" \/>    <\/a>\n    <\/div>\n<\/div><\/div><\/div><div class=\"kc-elm kc-css-984230\" style=\"height: 90px; clear: both; width:100%;\"><\/div><div class=\"kc-elm kc-css-958635 kc_row kc_row_inner\"><div class=\"kc-elm kc-css-205 kc_col-sm-12 kc_column_inner kc_col-sm-12\"><div class=\"box kc_wrapper kc-col-inner-container\"><div class=\"kc-elm kc-css-615349 kc_row kc_row_inner\"><div class=\"kc-elm kc-css-919563 kc_col-sm-6 kc_column_inner kc_col-sm-6\"><div class=\"kc_wrapper kc-col-inner-container\">\n<div class=\"kc-elm kc-css-782720 kc-title-wrap \">\n\n\t<h2 class=\"kc_title playfair big font-weight7\">Photography<\/h2>\n<\/div>\n\n<div class=\"kc-elm kc-css-587736 kc-title-wrap \">\n\n\t<h5 class=\"kc_title font-weight3 line-height\">Pablo Mart\u00ednez Lacy<\/h5>\n<\/div>\n<\/div><\/div><div class=\"kc-elm kc-css-842900 kc_col-sm-6 kc_column_inner kc_col-sm-6\"><div class=\"kc_wrapper kc-col-inner-container\"><\/div><\/div><\/div><div class=\"kc-elm kc-css-453664\" style=\"height: 50px; clear: both; width:100%;\"><\/div><div class=\"kc-elm kc-css-708117 kc_shortcode kc_single_image\">\n\n        <a rel=\"prettyPhoto\" class=\"kc-pretty-photo\" href=\"https:\/\/fundacionricardomartinez.net\/en-us\/wp-content\/uploads\/2018\/11\/AF-EXP-006-01-47.jpg\" title=\"\" target=\"\">\n        <img decoding=\"async\" src=\"https:\/\/fundacionricardomartinez.net\/en-us\/wp-content\/uploads\/2018\/11\/AF-EXP-006-01-47-1024x684.jpg\" class=\"respoimg\" alt=\"\" \/>    <\/a>\n    <\/div>\n<\/div><\/div><\/div><div class=\"kc-elm kc-css-487052\" style=\"height: 90px; clear: both; width:100%;\"><\/div><div class=\"kc-elm kc-css-690471 kc_row kc_row_inner\"><div class=\"kc-elm kc-css-590025 kc_col-sm-12 kc_column_inner kc_col-sm-12\"><div class=\"box kc_wrapper kc-col-inner-container\"><div class=\"kc-elm kc-css-92001 kc_row kc_row_inner\"><div class=\"kc-elm kc-css-901692 kc_col-sm-6 kc_column_inner kc_col-sm-6\"><div class=\"kc_wrapper kc-col-inner-container\">\n<div class=\"kc-elm kc-css-325367 kc-title-wrap \">\n\n\t<h2 class=\"kc_title playfair big font-weight7\">Photography<\/h2>\n<\/div>\n\n<div class=\"kc-elm kc-css-222801 kc-title-wrap \">\n\n\t<h5 class=\"kc_title font-weight3 line-height\">Pablo Mart\u00ednez Lacy<\/h5>\n<\/div>\n<\/div><\/div><div class=\"kc-elm kc-css-116063 kc_col-sm-6 kc_column_inner kc_col-sm-6\"><div class=\"kc_wrapper kc-col-inner-container\"><\/div><\/div><\/div><div class=\"kc-elm kc-css-210443\" style=\"height: 50px; clear: both; width:100%;\"><\/div><div class=\"kc-elm kc-css-493783 kc_shortcode kc_single_image\">\n\n        <a rel=\"prettyPhoto\" class=\"kc-pretty-photo\" href=\"https:\/\/fundacionricardomartinez.net\/en-us\/wp-content\/uploads\/2018\/11\/AF-EXP-006-01-50.jpg\" title=\"\" target=\"\">\n        <img decoding=\"async\" src=\"https:\/\/fundacionricardomartinez.net\/en-us\/wp-content\/uploads\/2018\/11\/AF-EXP-006-01-50-1024x677.jpg\" class=\"respoimg\" alt=\"\" \/>    <\/a>\n    <\/div>\n<\/div><\/div><\/div><div class=\"kc-elm kc-css-674247\" style=\"height: 90px; clear: both; width:100%;\"><\/div><\/div><\/div><\/div><\/div><\/section><\/p>\n","protected":false},"excerpt":{"rendered":"","protected":false},"author":1,"featured_media":0,"parent":0,"menu_order":0,"comment_status":"closed","ping_status":"closed","template":"","meta":{"_exactmetrics_skip_tracking":false,"_exactmetrics_sitenote_active":false,"_exactmetrics_sitenote_note":"","_exactmetrics_sitenote_category":0,"footnotes":""},"class_list":["post-2247","page","type-page","status-publish","hentry"],"_links":{"self":[{"href":"https:\/\/fundacionricardomartinez.net\/en-us\/wp-json\/wp\/v2\/pages\/2247","targetHints":{"allow":["GET"]}}],"collection":[{"href":"https:\/\/fundacionricardomartinez.net\/en-us\/wp-json\/wp\/v2\/pages"}],"about":[{"href":"https:\/\/fundacionricardomartinez.net\/en-us\/wp-json\/wp\/v2\/types\/page"}],"author":[{"embeddable":true,"href":"https:\/\/fundacionricardomartinez.net\/en-us\/wp-json\/wp\/v2\/users\/1"}],"replies":[{"embeddable":true,"href":"https:\/\/fundacionricardomartinez.net\/en-us\/wp-json\/wp\/v2\/comments?post=2247"}],"version-history":[{"count":6,"href":"https:\/\/fundacionricardomartinez.net\/en-us\/wp-json\/wp\/v2\/pages\/2247\/revisions"}],"predecessor-version":[{"id":3844,"href":"https:\/\/fundacionricardomartinez.net\/en-us\/wp-json\/wp\/v2\/pages\/2247\/revisions\/3844"}],"wp:attachment":[{"href":"https:\/\/fundacionricardomartinez.net\/en-us\/wp-json\/wp\/v2\/media?parent=2247"}],"curies":[{"name":"wp","href":"https:\/\/api.w.org\/{rel}","templated":true}]}}