{"id":2263,"date":"2018-11-25T19:33:42","date_gmt":"2018-11-25T19:33:42","guid":{"rendered":"https:\/\/fundacionricardomartinez.net\/en-us\/?page_id=2263"},"modified":"2019-03-27T20:39:59","modified_gmt":"2019-03-27T20:39:59","slug":"exposicion-ricardo-martinez-museo-de-la-ciudad-de-mexico-2011","status":"publish","type":"page","link":"https:\/\/fundacionricardomartinez.net\/en-us\/exposicion-ricardo-martinez-museo-de-la-ciudad-de-mexico-2011\/","title":{"rendered":"Exposici\u00f3n Ricardo Mart\u00ednez Museo de la Ciudad de M\u00e9xico 2011"},"content":{"rendered":"<p><section class=\"kc-elm kc-css-879019 kc_row ten_section_1\"><div class=\"kc-row-container  kc-container\"><div class=\"kc-wrap-columns\"><div class=\"kc-elm kc-css-615584 kc_col-sm-12 kc_column kc_col-sm-12\"><div class=\"herotext kc-col-container\">\n<div class=\"kc-elm kc-css-452999 kc-title-wrap \">\n\n\t<h1 class=\"kc_title\">Exhibition Ricardo Mart\u00ednez<\/h1>\n<\/div>\n\n<div class=\"kc-elm kc-css-438540 kc-title-wrap \">\n\n\t<h2 class=\"kc_title\">Museum of Mexico City 2011<\/h2>\n<\/div>\n<\/div><\/div><\/div><\/div><\/section><section id=\"works\" class=\"kc-elm kc-css-792607 kc_row nixa_section_2\"><div class=\"kc-row-container  kc-container\"><div class=\"kc-wrap-columns\"><div class=\"kc-elm kc-css-288204 kc_col-sm-12 kc_column kc_col-sm-12\"><div class=\"kc-col-container\"><div class=\"kc-elm kc-css-211554 kc_row kc_row_inner\"><div class=\"kc-elm kc-css-444009 kc_col-sm-12 kc_column_inner kc_col-sm-12\"><div class=\"box kc_wrapper kc-col-inner-container\"><div class=\"kc-elm kc-css-11148 kc_row kc_row_inner\"><div class=\"kc-elm kc-css-238688 kc_col-sm-6 kc_column_inner kc_col-sm-6\"><div class=\"kc_wrapper kc-col-inner-container\">\n<div class=\"kc-elm kc-css-528386 kc-title-wrap \">\n\n\t<h2 class=\"kc_title playfair big font-weight7\">Photography<\/h2>\n<\/div>\n\n<div class=\"kc-elm kc-css-270967 kc-title-wrap \">\n\n\t<h5 class=\"kc_title font-weight3 line-height\">Gabriel Batiz<\/h5>\n<\/div>\n<\/div><\/div><div class=\"kc-elm kc-css-966775 kc_col-sm-6 kc_column_inner kc_col-sm-6\"><div class=\"kc_wrapper kc-col-inner-container\"><\/div><\/div><\/div><div class=\"kc-elm kc-css-550230\" style=\"height: 50px; clear: both; width:100%;\"><\/div><div class=\"kc-elm kc-css-308330 kc_shortcode kc_single_image\">\n\n        <a rel=\"prettyPhoto\" class=\"kc-pretty-photo\" href=\"https:\/\/fundacionricardomartinez.net\/en-us\/wp-content\/uploads\/2018\/11\/expo2a1-1.jpg\" title=\"\" target=\"\">\n        <img decoding=\"async\" src=\"https:\/\/fundacionricardomartinez.net\/en-us\/wp-content\/uploads\/2018\/11\/expo2a1-1-1024x522.jpg\" class=\"respoimg\" alt=\"\" \/>    <\/a>\n    <\/div>\n<\/div><\/div><\/div><div class=\"kc-elm kc-css-145093\" style=\"height: 90px; clear: both; width:100%;\"><\/div><div class=\"kc-elm kc-css-168645 kc_row kc_row_inner\"><div class=\"kc-elm kc-css-888333 kc_col-sm-12 kc_column_inner kc_col-sm-12\"><div class=\"box kc_wrapper kc-col-inner-container\"><div class=\"kc-elm kc-css-622032 kc_row kc_row_inner\"><div class=\"kc-elm kc-css-137269 kc_col-sm-6 kc_column_inner kc_col-sm-6\"><div class=\"kc_wrapper kc-col-inner-container\">\n<div class=\"kc-elm kc-css-758834 kc-title-wrap \">\n\n\t<h2 class=\"kc_title playfair big font-weight7\">Photography<\/h2>\n<\/div>\n\n<div class=\"kc-elm kc-css-846332 kc-title-wrap \">\n\n\t<h5 class=\"kc_title font-weight3 line-height\">Gabriel Batiz<\/h5>\n<\/div>\n<\/div><\/div><div class=\"kc-elm kc-css-450430 kc_col-sm-6 kc_column_inner kc_col-sm-6\"><div class=\"kc_wrapper kc-col-inner-container\"><\/div><\/div><\/div><div class=\"kc-elm kc-css-91719\" style=\"height: 50px; clear: both; width:100%;\"><\/div><div class=\"kc-elm kc-css-356609 kc_shortcode kc_single_image\">\n\n        <a rel=\"prettyPhoto\" class=\"kc-pretty-photo\" href=\"https:\/\/fundacionricardomartinez.net\/en-us\/wp-content\/uploads\/2018\/11\/expo2a2.jpg\" title=\"\" target=\"\">\n        <img decoding=\"async\" src=\"https:\/\/fundacionricardomartinez.net\/en-us\/wp-content\/uploads\/2018\/11\/expo2a2-1024x518.jpg\" class=\"respoimg\" alt=\"\" \/>    <\/a>\n    <\/div>\n<\/div><\/div><\/div><div class=\"kc-elm kc-css-579438\" style=\"height: 90px; clear: both; width:100%;\"><\/div><div class=\"kc-elm kc-css-25240 kc_row kc_row_inner\"><div class=\"kc-elm kc-css-654145 kc_col-sm-12 kc_column_inner kc_col-sm-12\"><div class=\"box kc_wrapper kc-col-inner-container\"><div class=\"kc-elm kc-css-621429 kc_row kc_row_inner\"><div class=\"kc-elm kc-css-184509 kc_col-sm-6 kc_column_inner kc_col-sm-6\"><div class=\"kc_wrapper kc-col-inner-container\">\n<div class=\"kc-elm kc-css-613693 kc-title-wrap \">\n\n\t<h2 class=\"kc_title playfair big font-weight7\">Photography<\/h2>\n<\/div>\n\n<div class=\"kc-elm kc-css-133604 kc-title-wrap \">\n\n\t<h5 class=\"kc_title font-weight3 line-height\">Gabriel Batiz<\/h5>\n<\/div>\n<\/div><\/div><div class=\"kc-elm kc-css-662081 kc_col-sm-6 kc_column_inner kc_col-sm-6\"><div class=\"kc_wrapper kc-col-inner-container\"><\/div><\/div><\/div><div class=\"kc-elm kc-css-876486\" style=\"height: 50px; clear: both; width:100%;\"><\/div><div class=\"kc-elm kc-css-104179 kc_shortcode kc_single_image\">\n\n        <a rel=\"prettyPhoto\" class=\"kc-pretty-photo\" href=\"https:\/\/fundacionricardomartinez.net\/en-us\/wp-content\/uploads\/2018\/11\/expo2a3.jpg\" title=\"\" target=\"\">\n        <img decoding=\"async\" src=\"https:\/\/fundacionricardomartinez.net\/en-us\/wp-content\/uploads\/2018\/11\/expo2a3-1024x518.jpg\" class=\"respoimg\" alt=\"\" \/>    <\/a>\n    <\/div>\n<\/div><\/div><\/div><div class=\"kc-elm kc-css-882111\" style=\"height: 90px; clear: both; width:100%;\"><\/div><div class=\"kc-elm kc-css-304227 kc_row kc_row_inner\"><div class=\"kc-elm kc-css-554678 kc_col-sm-12 kc_column_inner kc_col-sm-12\"><div class=\"box kc_wrapper kc-col-inner-container\"><div class=\"kc-elm kc-css-126672 kc_row kc_row_inner\"><div class=\"kc-elm kc-css-436820 kc_col-sm-6 kc_column_inner kc_col-sm-6\"><div class=\"kc_wrapper kc-col-inner-container\">\n<div class=\"kc-elm kc-css-535181 kc-title-wrap \">\n\n\t<h2 class=\"kc_title playfair big font-weight7\">Photography<\/h2>\n<\/div>\n\n<div class=\"kc-elm kc-css-108134 kc-title-wrap \">\n\n\t<h5 class=\"kc_title font-weight3 line-height\">Gabriel Batiz<\/h5>\n<\/div>\n<\/div><\/div><div class=\"kc-elm kc-css-523513 kc_col-sm-6 kc_column_inner kc_col-sm-6\"><div class=\"kc_wrapper kc-col-inner-container\"><\/div><\/div><\/div><div class=\"kc-elm kc-css-271985\" style=\"height: 50px; clear: both; width:100%;\"><\/div><div class=\"kc-elm kc-css-508474 kc_shortcode kc_single_image\">\n\n        <a rel=\"prettyPhoto\" class=\"kc-pretty-photo\" href=\"https:\/\/fundacionricardomartinez.net\/en-us\/wp-content\/uploads\/2018\/11\/expo2a4.jpg\" title=\"\" target=\"\">\n        <img decoding=\"async\" src=\"https:\/\/fundacionricardomartinez.net\/en-us\/wp-content\/uploads\/2018\/11\/expo2a4-1024x512.jpg\" class=\"respoimg\" alt=\"\" \/>    <\/a>\n    <\/div>\n<\/div><\/div><\/div><div class=\"kc-elm kc-css-422829\" style=\"height: 90px; clear: both; width:100%;\"><\/div><div class=\"kc-elm kc-css-590212 kc_row kc_row_inner\"><div class=\"kc-elm kc-css-397719 kc_col-sm-12 kc_column_inner kc_col-sm-12\"><div class=\"box kc_wrapper kc-col-inner-container\"><div class=\"kc-elm kc-css-326887 kc_row kc_row_inner\"><div class=\"kc-elm kc-css-416024 kc_col-sm-6 kc_column_inner kc_col-sm-6\"><div class=\"kc_wrapper kc-col-inner-container\">\n<div class=\"kc-elm kc-css-498036 kc-title-wrap \">\n\n\t<h2 class=\"kc_title playfair big font-weight7\">Photography<\/h2>\n<\/div>\n\n<div class=\"kc-elm kc-css-204653 kc-title-wrap \">\n\n\t<h5 class=\"kc_title font-weight3 line-height\">Gabriel Batiz<\/h5>\n<\/div>\n<\/div><\/div><div class=\"kc-elm kc-css-188877 kc_col-sm-6 kc_column_inner kc_col-sm-6\"><div class=\"kc_wrapper kc-col-inner-container\"><\/div><\/div><\/div><div class=\"kc-elm kc-css-123272\" style=\"height: 50px; clear: both; width:100%;\"><\/div><div class=\"kc-elm kc-css-888919 kc_shortcode kc_single_image\">\n\n        <a rel=\"prettyPhoto\" class=\"kc-pretty-photo\" href=\"https:\/\/fundacionricardomartinez.net\/en-us\/wp-content\/uploads\/2018\/11\/expo2a5.jpg\" title=\"\" target=\"\">\n        <img decoding=\"async\" src=\"https:\/\/fundacionricardomartinez.net\/en-us\/wp-content\/uploads\/2018\/11\/expo2a5-1024x519.jpg\" class=\"respoimg\" alt=\"\" \/>    <\/a>\n    <\/div>\n<\/div><\/div><\/div><div class=\"kc-elm kc-css-981369\" style=\"height: 90px; clear: both; width:100%;\"><\/div><div class=\"kc-elm kc-css-443697 kc_row kc_row_inner\"><div class=\"kc-elm kc-css-435210 kc_col-sm-12 kc_column_inner kc_col-sm-12\"><div class=\"box kc_wrapper kc-col-inner-container\"><div class=\"kc-elm kc-css-440774 kc_row kc_row_inner\"><div class=\"kc-elm kc-css-602424 kc_col-sm-6 kc_column_inner kc_col-sm-6\"><div class=\"kc_wrapper kc-col-inner-container\">\n<div class=\"kc-elm kc-css-831685 kc-title-wrap \">\n\n\t<h2 class=\"kc_title playfair big font-weight7\">Photography<\/h2>\n<\/div>\n\n<div class=\"kc-elm kc-css-666536 kc-title-wrap \">\n\n\t<h5 class=\"kc_title font-weight3 line-height\">Gabriel Batiz<\/h5>\n<\/div>\n<\/div><\/div><div class=\"kc-elm kc-css-960763 kc_col-sm-6 kc_column_inner kc_col-sm-6\"><div class=\"kc_wrapper kc-col-inner-container\"><\/div><\/div><\/div><div class=\"kc-elm kc-css-957095\" style=\"height: 50px; clear: both; width:100%;\"><\/div><div class=\"kc-elm kc-css-393207 kc_shortcode kc_single_image\">\n\n        <a rel=\"prettyPhoto\" class=\"kc-pretty-photo\" href=\"https:\/\/fundacionricardomartinez.net\/en-us\/wp-content\/uploads\/2018\/11\/expo2a6.jpg\" title=\"\" target=\"\">\n        <img decoding=\"async\" src=\"https:\/\/fundacionricardomartinez.net\/en-us\/wp-content\/uploads\/2018\/11\/expo2a6-1024x518.jpg\" class=\"respoimg\" alt=\"\" \/>    <\/a>\n    <\/div>\n<\/div><\/div><\/div><div class=\"kc-elm kc-css-867761\" style=\"height: 90px; clear: both; width:100%;\"><\/div><div class=\"kc-elm kc-css-306406 kc_row kc_row_inner\"><div class=\"kc-elm kc-css-826554 kc_col-sm-12 kc_column_inner kc_col-sm-12\"><div class=\"box kc_wrapper kc-col-inner-container\"><div class=\"kc-elm kc-css-360877 kc_row kc_row_inner\"><div class=\"kc-elm kc-css-102449 kc_col-sm-6 kc_column_inner kc_col-sm-6\"><div class=\"kc_wrapper kc-col-inner-container\">\n<div class=\"kc-elm kc-css-962808 kc-title-wrap \">\n\n\t<h2 class=\"kc_title playfair big font-weight7\">Photography<\/h2>\n<\/div>\n\n<div class=\"kc-elm kc-css-844708 kc-title-wrap \">\n\n\t<h5 class=\"kc_title font-weight3 line-height\">Gabriel Batiz<\/h5>\n<\/div>\n<\/div><\/div><div class=\"kc-elm kc-css-56723 kc_col-sm-6 kc_column_inner kc_col-sm-6\"><div class=\"kc_wrapper kc-col-inner-container\"><\/div><\/div><\/div><div class=\"kc-elm kc-css-810708\" style=\"height: 50px; clear: both; width:100%;\"><\/div><div class=\"kc-elm kc-css-643490 kc_shortcode kc_single_image\">\n\n        <a rel=\"prettyPhoto\" class=\"kc-pretty-photo\" href=\"https:\/\/fundacionricardomartinez.net\/en-us\/wp-content\/uploads\/2018\/11\/expo2a7-1.jpg\" title=\"\" target=\"\">\n        <img decoding=\"async\" src=\"https:\/\/fundacionricardomartinez.net\/en-us\/wp-content\/uploads\/2018\/11\/expo2a7-1-1024x522.jpg\" class=\"respoimg\" alt=\"\" \/>    <\/a>\n    <\/div>\n<\/div><\/div><\/div><div class=\"kc-elm kc-css-334573\" style=\"height: 90px; clear: both; width:100%;\"><\/div><div class=\"kc-elm kc-css-708235 kc_row kc_row_inner\"><div class=\"kc-elm kc-css-428185 kc_col-sm-12 kc_column_inner kc_col-sm-12\"><div class=\"box kc_wrapper kc-col-inner-container\"><div class=\"kc-elm kc-css-825660 kc_row kc_row_inner\"><div class=\"kc-elm kc-css-809226 kc_col-sm-6 kc_column_inner kc_col-sm-6\"><div class=\"kc_wrapper kc-col-inner-container\">\n<div class=\"kc-elm kc-css-517387 kc-title-wrap \">\n\n\t<h2 class=\"kc_title playfair big font-weight7\">Photography<\/h2>\n<\/div>\n\n<div class=\"kc-elm kc-css-413689 kc-title-wrap \">\n\n\t<h5 class=\"kc_title font-weight3 line-height\">Gabriel Batiz<\/h5>\n<\/div>\n<\/div><\/div><div class=\"kc-elm kc-css-906957 kc_col-sm-6 kc_column_inner kc_col-sm-6\"><div class=\"kc_wrapper kc-col-inner-container\"><\/div><\/div><\/div><div class=\"kc-elm kc-css-427951\" style=\"height: 50px; clear: both; width:100%;\"><\/div><div class=\"kc-elm kc-css-166154 kc_shortcode kc_single_image\">\n\n        <a rel=\"prettyPhoto\" class=\"kc-pretty-photo\" href=\"https:\/\/fundacionricardomartinez.net\/en-us\/wp-content\/uploads\/2018\/11\/expo2a8.jpg\" title=\"\" target=\"\">\n        <img decoding=\"async\" src=\"https:\/\/fundacionricardomartinez.net\/en-us\/wp-content\/uploads\/2018\/11\/expo2a8-1024x519.jpg\" class=\"respoimg\" alt=\"\" \/>    <\/a>\n    <\/div>\n<\/div><\/div><\/div><div class=\"kc-elm kc-css-85299\" style=\"height: 90px; clear: both; width:100%;\"><\/div><\/div><\/div><\/div><\/div><\/section><\/p>\n","protected":false},"excerpt":{"rendered":"","protected":false},"author":1,"featured_media":0,"parent":0,"menu_order":0,"comment_status":"closed","ping_status":"closed","template":"","meta":{"_exactmetrics_skip_tracking":false,"_exactmetrics_sitenote_active":false,"_exactmetrics_sitenote_note":"","_exactmetrics_sitenote_category":0,"footnotes":""},"class_list":["post-2263","page","type-page","status-publish","hentry"],"_links":{"self":[{"href":"https:\/\/fundacionricardomartinez.net\/en-us\/wp-json\/wp\/v2\/pages\/2263","targetHints":{"allow":["GET"]}}],"collection":[{"href":"https:\/\/fundacionricardomartinez.net\/en-us\/wp-json\/wp\/v2\/pages"}],"about":[{"href":"https:\/\/fundacionricardomartinez.net\/en-us\/wp-json\/wp\/v2\/types\/page"}],"author":[{"embeddable":true,"href":"https:\/\/fundacionricardomartinez.net\/en-us\/wp-json\/wp\/v2\/users\/1"}],"replies":[{"embeddable":true,"href":"https:\/\/fundacionricardomartinez.net\/en-us\/wp-json\/wp\/v2\/comments?post=2263"}],"version-history":[{"count":7,"href":"https:\/\/fundacionricardomartinez.net\/en-us\/wp-json\/wp\/v2\/pages\/2263\/revisions"}],"predecessor-version":[{"id":3845,"href":"https:\/\/fundacionricardomartinez.net\/en-us\/wp-json\/wp\/v2\/pages\/2263\/revisions\/3845"}],"wp:attachment":[{"href":"https:\/\/fundacionricardomartinez.net\/en-us\/wp-json\/wp\/v2\/media?parent=2263"}],"curies":[{"name":"wp","href":"https:\/\/api.w.org\/{rel}","templated":true}]}}