{"id":2377,"date":"2018-11-25T21:49:21","date_gmt":"2018-11-25T21:49:21","guid":{"rendered":"https:\/\/fundacionricardomartinez.net\/en-us\/?page_id=2377"},"modified":"2019-03-27T21:07:29","modified_gmt":"2019-03-27T21:07:29","slug":"resena-vinetas","status":"publish","type":"page","link":"https:\/\/fundacionricardomartinez.net\/en-us\/resena-vinetas\/","title":{"rendered":"Rese\u00f1a &#8211; Vi\u00f1etas"},"content":{"rendered":"<p><section class=\"kc-elm kc-css-800823 kc_row ten_section_1\"><div class=\"kc-row-container  kc-container\"><div class=\"kc-wrap-columns\"><div class=\"kc-elm kc-css-194652 kc_col-sm-12 kc_column kc_col-sm-12\"><div class=\"herotext kc-col-container\">\n<div class=\"kc-elm kc-css-547813 kc-title-wrap \">\n\n\t<h1 class=\"kc_title\">Review<\/h1>\n<\/div>\n\n<div class=\"kc-elm kc-css-968417 kc-title-wrap \">\n\n\t<h2 class=\"kc_title big white caps font-weight8\">Ricardo Mart\u00ednez.  <i class=\"textnor orange\">Vignettes <\/i> 1945 \u2013 1959<\/h2>\n<\/div>\n<\/div><\/div><\/div><\/div><\/section><section class=\"kc-elm kc-css-526214 kc_row ball_section_1\"><div class=\"kc-row-container  kc-container\"><div class=\"kc-wrap-columns\"><div class=\"kc-elm kc-css-468865 kc_col-sm-6 kc_column kc_col-sm-6\"><div class=\"kc-col-container\">\n<div class=\"kc-elm kc-css-192240 kc-title-wrap \">\n\n\t<h2 class=\"kc_title big white caps font-weight8\">Zarina Martinez <br><i class=\"textnor orange\">& <\/i> Dabi Hernandez <\/h2>\n<\/div>\n<\/div><\/div><div class=\"kc-elm kc-css-262616 kc_col-sm-6 kc_column kc_col-sm-6\"><div class=\"kc-col-container\"><\/div><\/div><\/div><\/div><\/section><section class=\"kc-elm kc-css-379439 kc_row ball_section_1\"><div class=\"kc-row-container  kc-container\"><div class=\"kc-wrap-columns\"><div class=\"kc-elm kc-css-783602 kc_col-sm-6 kc_column kc_col-sm-6\"><div class=\"kc-col-container\"><div class=\"kc-elm kc-css-394780 kc_text_block\"><\/p>\n<p>The vignettes by Ricardo Mart\u00ednez from 1945 to 1959 are closely related to the publishing endeavours of close friends, among others Joaqu\u00edn D\u00edez-Canedo, Francisco Giner de los R\u00edos, Al\u00ed Chumacero, Henrique Gonz\u00e1lez-Casanova and Juan Jos\u00e9 Arreola. Through their almost \u201chome made\u201d publications, these writers and publishers made an important contribution towards the diffusion of Mexican literature of the time. <\/p>\n<p>\n<\/div><div class=\"kc-elm kc-css-9423\" style=\"height: 20px; clear: both; width:100%;\"><\/div><div class=\"kc-elm kc-css-77146 kc_text_block\"><\/p>\n<p>The Ricardo Mart\u00ednez Foundation has original issues of the publications Ricardo Mart\u00ednez contributed to during those years. It already is possible to trace in them the simple lines that would define his later work, while at the same time more elaborated and even surrealist and abstract motives are to be found.<\/p>\n<p>\n<\/div><div class=\"kc-elm kc-css-342654\" style=\"height: 20px; clear: both; width:100%;\"><\/div><div class=\"kc-elm kc-css-106089 kc_text_block\"><\/p>\n<p>Some of these vignettes, such as the ones made for the <em>Nueva Revista de Filolog\u00eda Hisp\u00e1nica<\/em> of El Colegio de M\u00e9xico in 1947 and for the first edition of <em>Pedro P\u00e1ramo<\/em> in 1955 became emblematic and are used even now. The cactus on the cover of the first number of the <em>Revista<\/em> is its logo and the three original vignettes appeared in the facsimile edition of <em>Pedro P\u00e1ramo<\/em> published by Fondo de Cultura in 1996.<\/p>\n<p>\n<\/div><div class=\"kc-elm kc-css-34104\" style=\"height: 20px; clear: both; width:100%;\"><\/div><div class=\"kc-elm kc-css-431589 kc_text_block\"><\/p>\n<p>Among the publications with vignettes in the archives at the Ricardo Mart\u00ednez Foundation, are the earliest ones from 1945. Ricardo Mart\u00ednez illustrated the collection of poetry <em>Epigramas americanos<\/em> by Enrique D\u00edez-Canedo, published by his son Joaqu\u00edn and already under the Joaqu\u00edn Mortiz editorial seal.<\/p>\n<p>\n<\/div><div class=\"kc-elm kc-css-519594\" style=\"height: 20px; clear: both; width:100%;\"><\/div><div class=\"kc-elm kc-css-845558 kc_text_block\"><\/p>\n<p>In their student days, Joaqu\u00edn D\u00edez-Canedo and Francisco Giner de los R\u00edos started the literary magazine <em>Floresta de prosa y verso<\/em>, which first appeared in Spain in 1936 but unfortunately only a few issues were published due to the Spanish Civil War. When D\u00edez-Canedo and Giner de los R\u00edos came to Mexico they started the magazine anew, this time under the title <em>Nueva Floresta<\/em>, published by Editorial Stylo. For this new venture, Ricardo Mart\u00ednez illustrated <em>Segundo despertar y otros poemas<\/em>, by Enrique Gonz\u00e1lez Mart\u00ednez. The vignette of a seashell illustrating <em>El contemplado (mar, poema)<\/em> by Pedro Salinas, can be attributed to Ricardo Mart\u00ednez, given the style and his close relationship with the editors.<\/p>\n<p>\n<\/div><div class=\"kc-elm kc-css-579639\" style=\"height: 20px; clear: both; width:100%;\"><\/div><div class=\"kc-elm kc-css-638627 kc_text_block\"><\/p>\n<p>In 1946 Ricardo Mart\u00ednez illustrated the cover of <em>Sleep and poetry<\/em> by John Keats for Editorial Espiga. The vignette is a reminder of Ricardo Mart\u00ednez\u2019s incursion into surrealism in the early 40s and is particularly well suited to the title, with a dream-like landscape and a pentagram in the foreground.<\/p>\n<p>\n<\/div><div class=\"kc-elm kc-css-404743\" style=\"height: 20px; clear: both; width:100%;\"><\/div><div class=\"kc-elm kc-css-248750 kc_text_block\"><\/p>\n<p>The only vignette recorded for 1947 is the cactus on the cover of the <em>Revista Hispanoamericana de Filolog\u00eda<\/em> already mentioned.<\/p>\n<p>\n<\/div><div class=\"kc-elm kc-css-438124\" style=\"height: 20px; clear: both; width:100%;\"><\/div><div class=\"kc-elm kc-css-464422 kc_text_block\"><\/p>\n<p>In 1949 El Colegio Nacional published <em>Junta de sombras<\/em>, by Alfonso Reyes. This is an interesting publication regarding the illustrations, which are to be found, not on the cover as might be expected, but at the beginning of each chapter and at the top of the table of contents. The vignettes correspond to the Hellenic subject of Reyes\u2019s work: 28 simple illustrations depicting landscapes, ruins, animals, men and women with classic features, some of them wearing laurel wreaths, hands and some unexpected drawings of geometric shapes, unusual in the work of Ricardo Mart\u00ednez.<\/p>\n<p>\n<\/div><div class=\"kc-elm kc-css-98326\" style=\"height: 20px; clear: both; width:100%;\"><\/div><div class=\"kc-elm kc-css-535668 kc_text_block\"><\/p>\n<p>Another vignette from 1949 is the one made to illustrate <em>Libertad bajo palabra<\/em> by Octavio Paz (Colecci\u00f3n Tezontle, Fondo de Cultura Econ\u00f3mica). The editors in charge were Francisco Giner de los R\u00edos and Joaqu\u00edn D\u00edez-Canedo. This is apparently the first illustration Ricardo Mart\u00ednez made for the collection.<\/p>\n<p>\n<\/div><div class=\"kc-elm kc-css-484159\" style=\"height: 20px; clear: both; width:100%;\"><\/div><div class=\"kc-elm kc-css-84690 kc_text_block\"><\/p>\n<p>Nineteen fifty would be an important year for Ricardo Mart\u00ednez as an illustrator. It was then that Juan Jos\u00e9 Arreola and other writer friends started publishing \u201cLos Presentes\u201d, \u201cAn enterprise by friends to publish works by friends\u201d (Mata, 2000), to which Ricardo Mart\u00ednez contributed from its beginning until 1954.<\/p>\n<p>\n<\/div><div class=\"kc-elm kc-css-652453\" style=\"height: 20px; clear: both; width:100%;\"><\/div><\/div><\/div><div class=\"kc-elm kc-css-667963 kc_col-sm-6 kc_column kc_col-sm-6\"><div class=\"kc-col-container\"><div class=\"kc-elm kc-css-292821 kc_shortcode kc_single_image\">\n\n        <a rel=\"prettyPhoto\" class=\"kc-pretty-photo\" href=\"https:\/\/fundacionricardomartinez.net\/en-us\/wp-content\/uploads\/2018\/11\/1956-1.jpg\" title=\"\" target=\"\">\n        <img decoding=\"async\" src=\"https:\/\/fundacionricardomartinez.net\/en-us\/wp-content\/uploads\/2018\/11\/1956-1-409x600xc.jpg\" class=\"\" alt=\"\" \/>    <\/a>\n    <\/div>\n<div class=\"kc-elm kc-css-494656\" style=\"height: 50px; clear: both; width:100%;\"><\/div><div class=\"kc-elm kc-css-288522 kc_shortcode kc_single_image\">\n\n        <a rel=\"prettyPhoto\" class=\"kc-pretty-photo\" href=\"https:\/\/fundacionricardomartinez.net\/en-us\/wp-content\/uploads\/2018\/11\/1955-2.jpg\" title=\"\" target=\"\">\n        <img decoding=\"async\" src=\"https:\/\/fundacionricardomartinez.net\/en-us\/wp-content\/uploads\/2018\/11\/1955-2-409x600xc.jpg\" class=\"\" alt=\"\" \/>    <\/a>\n    <\/div>\n<div class=\"kc-elm kc-css-7371\" style=\"height: 50px; clear: both; width:100%;\"><\/div><div class=\"kc-elm kc-css-855461 kc_shortcode kc_single_image\">\n\n        <a rel=\"prettyPhoto\" class=\"kc-pretty-photo\" href=\"https:\/\/fundacionricardomartinez.net\/en-us\/wp-content\/uploads\/2018\/11\/1954-2.jpg\" title=\"\" target=\"\">\n        <img decoding=\"async\" src=\"https:\/\/fundacionricardomartinez.net\/en-us\/wp-content\/uploads\/2018\/11\/1954-2-409x600xc.jpg\" class=\"\" alt=\"\" \/>    <\/a>\n    <\/div>\n<\/div><\/div><\/div><\/div><\/section><section class=\"kc-elm kc-css-213553 kc_row ball_section_1\"><div class=\"kc-row-container  kc-container\"><div class=\"kc-wrap-columns\"><div class=\"kc-elm kc-css-232649 kc_col-sm-6 kc_column kc_col-sm-6\"><div class=\"kc-col-container\"><div class=\"kc-elm kc-css-286543 kc_shortcode kc_single_image\">\n\n        <a rel=\"prettyPhoto\" class=\"kc-pretty-photo\" href=\"https:\/\/fundacionricardomartinez.net\/en-us\/wp-content\/uploads\/2018\/11\/1955-1.jpg\" title=\"\" target=\"\">\n        <img decoding=\"async\" src=\"https:\/\/fundacionricardomartinez.net\/en-us\/wp-content\/uploads\/2018\/11\/1955-1-409x600xc.jpg\" class=\"\" alt=\"\" \/>    <\/a>\n    <\/div>\n<div class=\"kc-elm kc-css-849874\" style=\"height: 50px; clear: both; width:100%;\"><\/div><div class=\"kc-elm kc-css-565627 kc_shortcode kc_single_image\">\n\n        <a rel=\"prettyPhoto\" class=\"kc-pretty-photo\" href=\"https:\/\/fundacionricardomartinez.net\/en-us\/wp-content\/uploads\/2018\/11\/1959-1.jpg\" title=\"\" target=\"\">\n        <img decoding=\"async\" src=\"https:\/\/fundacionricardomartinez.net\/en-us\/wp-content\/uploads\/2018\/11\/1959-1-409x600xc.jpg\" class=\"\" alt=\"\" \/>    <\/a>\n    <\/div>\n<div class=\"kc-elm kc-css-265223\" style=\"height: 50px; clear: both; width:100%;\"><\/div><div class=\"kc-elm kc-css-370136 kc_shortcode kc_single_image\">\n\n        <a rel=\"prettyPhoto\" class=\"kc-pretty-photo\" href=\"https:\/\/fundacionricardomartinez.net\/en-us\/wp-content\/uploads\/2018\/11\/1953-3.jpg\" title=\"\" target=\"\">\n        <img decoding=\"async\" src=\"https:\/\/fundacionricardomartinez.net\/en-us\/wp-content\/uploads\/2018\/11\/1953-3-409x600xc.jpg\" class=\"\" alt=\"\" \/>    <\/a>\n    <\/div>\n<\/div><\/div><div class=\"kc-elm kc-css-681552 kc_col-sm-6 kc_column kc_col-sm-6\"><div class=\"kc-col-container\"><div class=\"kc-elm kc-css-666725 kc_text_block\"><\/p>\n<p>\u201cLos Presentes\u201d had two epochs, from 1950 to 1953 and from 1954 to 1964. Juan Jos\u00e9 Arreola was in charge of the second epoch until 1957. Ricardo Mart\u00ednez illustrated six titles of the first series and three of the second, all of them in 1954. There is no record of why Mart\u00ednez did not contribute after that.<\/p>\n<p>\n<\/div><div class=\"kc-elm kc-css-865701\" style=\"height: 20px; clear: both; width:100%;\"><\/div><div class=\"kc-elm kc-css-307798 kc_text_block\"><\/p>\n<p>The illustrations of the first series are as follows:<\/p>\n<p>\n<\/div><div class=\"kc-elm kc-css-480624\" style=\"height: 20px; clear: both; width:100%;\"><\/div><div class=\"kc-elm kc-css-903645 kc_text_block\"><\/p>\n<p><em>Stories<\/em>, by Juan Jos\u00e9 Arreola, 1950. An orchard in simple lines.<\/p>\n<p>\n<\/div><div class=\"kc-elm kc-css-764852\" style=\"height: 20px; clear: both; width:100%;\"><\/div><div class=\"kc-elm kc-css-379076 kc_text_block\"><\/p>\n<p><em>The return<\/em>, by Ernesto Mej\u00eda S\u00e1nchez, 1950. A pair of hands holding a book.<\/p>\n<p>\n<\/div><div class=\"kc-elm kc-css-649050\" style=\"height: 20px; clear: both; width:100%;\"><\/div><div class=\"kc-elm kc-css-978766 kc_text_block\"><\/p>\n<p><em>Sonnets<\/em>, by Carlos Pellicer, 1950. Two bare trees.<\/p>\n<p>\n<\/div><div class=\"kc-elm kc-css-238544\" style=\"height: 20px; clear: both; width:100%;\"><\/div><div class=\"kc-elm kc-css-755400 kc_text_block\"><\/p>\n<p><em>Poetics, by Rub\u00e9n Bonifaz Nu\u00f1o, 1951. A bare tree and a bush.<\/em><\/p>\n<p>\n<\/div><div class=\"kc-elm kc-css-453646\" style=\"height: 20px; clear: both; width:100%;\"><\/div><div class=\"kc-elm kc-css-35725 kc_text_block\"><\/p>\n<p><em>The younger brother<\/em>, by Jaime Garc\u00eda Terr\u00e9s, 1952. A pair of hands holding a piece of fruit.<\/p>\n<p>\n<\/div><div class=\"kc-elm kc-css-317869\" style=\"height: 20px; clear: both; width:100%;\"><\/div><div class=\"kc-elm kc-css-181004 kc_text_block\"><\/p>\n<p><em>Stories<\/em>, by Augusto Monterroso, 1953. A detailed image of a butterfly on a leaf.<\/p>\n<p>\n<\/div><div class=\"kc-elm kc-css-241029\" style=\"height: 20px; clear: both; width:100%;\"><\/div><div class=\"kc-elm kc-css-16555 kc_text_block\"><\/p>\n<p>Second series:<\/p>\n<p>\n<\/div><div class=\"kc-elm kc-css-361717\" style=\"height: 20px; clear: both; width:100%;\"><\/div><div class=\"kc-elm kc-css-823154 kc_text_block\"><\/p>\n<p><em>Mexican tales<\/em>, by \u00c1ngel Bassols Batalla, 1954. An ancient knife, probably in obsidian, with a handle in the shape of an eagle soldier.<\/p>\n<p>\n<\/div><div class=\"kc-elm kc-css-992142\" style=\"height: 20px; clear: both; width:100%;\"><\/div><div class=\"kc-elm kc-css-194310 kc_text_block\"><\/p>\n<p><em>The masked days<\/em>, by Carlos Fuentes, 1954. Drawing of a man dressed in a suit sitting on a chac-mool, both of them smiling. The drawing fits well with the title \u201cChac mool\u201d of the first story in the collection.<\/p>\n<p>\n<\/div><div class=\"kc-elm kc-css-877881\" style=\"height: 20px; clear: both; width:100%;\"><\/div><div class=\"kc-elm kc-css-104007 kc_text_block\"><\/p>\n<p><em>Parentalia<\/em>, by Alfonso Reyes, 1954. A quince tree, probably one of the two in the artist\u2019s house.<\/p>\n<p>\n<\/div><div class=\"kc-elm kc-css-234235\" style=\"height: 20px; clear: both; width:100%;\"><\/div><div class=\"kc-elm kc-css-535228 kc_text_block\"><\/p>\n<p>Another vignette from 1950 is the one on the cover of <em>Diario hist\u00f3rico de los viages de mar, y tierra hechos al norte de la California<\/em>, written by Miguel Constans\u00f3 in 1770 and published by Edici\u00f3n Chimalistac, which shows a small bird singing on a branch.<\/p>\n<p>\n<\/div><div class=\"kc-elm kc-css-420170\" style=\"height: 20px; clear: both; width:100%;\"><\/div><div class=\"kc-elm kc-css-537361 kc_text_block\"><\/p>\n<p>In 1951 Ricardo Mart\u00ednez illustrated <em>A Enrique Gonz\u00e1lez Mart\u00ednez en sus ochenta a\u00f1os<\/em>, published by Fondo de Cultura Econ\u00f3mica under the supervision of Al\u00ed Chumacero and Joaqu\u00edn D\u00edez-Canedo.<\/p>\n<p>\n<\/div><div class=\"kc-elm kc-css-150521\" style=\"height: 20px; clear: both; width:100%;\"><\/div><div class=\"kc-elm kc-css-185249 kc_text_block\"><\/p>\n<p>From 1952 the Foundation has recorded the following works:<\/p>\n<p>\n<\/div><div class=\"kc-elm kc-css-551817\" style=\"height: 20px; clear: both; width:100%;\"><\/div><div class=\"kc-elm kc-css-645722 kc_text_block\"><\/p>\n<p>The cover of <em>El coronel que asesin\u00f3 un palomo y otros cuentos<\/em> by Jorge Ferretis (Colecci\u00f3n Tezontle) shows a yuca palm. Although its author is not recorded, from the style and subject of the drawing, as well as the fact that Francisco Giner de los R\u00edos, Joaqu\u00edn D\u00edez-Canedo and Al\u00ed Chumacero were the editors responsible, it is likely that the vignette is by Ricardo Mart\u00ednez.<\/p>\n<p>\n<\/div><div class=\"kc-elm kc-css-109909\" style=\"height: 20px; clear: both; width:100%;\"><\/div><div class=\"kc-elm kc-css-922859 kc_text_block\"><\/p>\n<p><em>El Nuevo Narciso and other Poems<\/em> by Enrique Gonz\u00e1lez Mart\u00ednez (Letras Mexicanas, no. 3) is illustrated with a vignette of a tree.<\/p>\n<p>\n<\/div><div class=\"kc-elm kc-css-367304\" style=\"height: 20px; clear: both; width:100%;\"><\/div><div class=\"kc-elm kc-css-847831 kc_text_block\"><\/p>\n<p>The last vignettes form 1952 in the archives of the Foundation are the ones Ricardo Mart\u00ednez made to illustrate Jos\u00e9 Gorostiza\u2019s <em>Muerte sin fin<\/em>, published by the University Press. There is a vignette on the cover and ten more throughout the poem.<\/p>\n<p>\n<\/div><div class=\"kc-elm kc-css-959481\" style=\"height: 20px; clear: both; width:100%;\"><\/div><\/div><\/div><\/div><\/div><\/section><section class=\"kc-elm kc-css-536725 kc_row ball_section_1\"><div class=\"kc-row-container  kc-container\"><div class=\"kc-wrap-columns\"><div class=\"kc-elm kc-css-400394 kc_col-sm-6 kc_column kc_col-sm-6\"><div class=\"kc-col-container\"><div class=\"kc-elm kc-css-544896 kc_text_block\"><\/p>\n<p>The most outstanding vignettes from 1953 are those for <em>Jornada hecha poes\u00eda: 1934-1952<\/em> by Francisco Giner de los R\u00edos (Tezontle, Fondo de Cultura Econ\u00f3mica) and <em>Sentido de la presencia<\/em>, by Ram\u00f3n Xirau. The image on the cover of Giner de los R\u00edos is a yuca reflected on a pond in what appear to be more elaborate strokes and the mirror image slightly deformed. The illustration in Xirau\u2019s work, a rose, has no credit, but compared to other works by Ricardo Mart\u00ednez it could be attributed to him.<\/p>\n<p>\n<\/div><div class=\"kc-elm kc-css-960102\" style=\"height: 20px; clear: both; width:100%;\"><\/div><div class=\"kc-elm kc-css-325482 kc_text_block\"><\/p>\n<p>In 1954 Tezontle published <em>Fronteras<\/em>, by Jaime Torres Bodet. The vignette on the cover, without signature but attributed to Ricardo Mart\u00ednez, is an image of a fallen tree. Al\u00ed Chumacero was responsible for the edition.<\/p>\n<p>\n<\/div><div class=\"kc-elm kc-css-947875\" style=\"height: 20px; clear: both; width:100%;\"><\/div><div class=\"kc-elm kc-css-441711 kc_text_block\"><\/p>\n<p>The Ricardo Mart\u00ednez Foundation has registered these vignettes from 1955:\u00a0 the first one on <em>El hero\u00edsmo intelectual<\/em> by Jos\u00e9 Antonio Puortondo (Tezontle, Fondo de Cultura Econ\u00f3mica).<\/p>\n<p>\n<\/div><div class=\"kc-elm kc-css-337861\" style=\"height: 20px; clear: both; width:100%;\"><\/div><div class=\"kc-elm kc-css-464135 kc_text_block\"><\/p>\n<p>The second and most important is the series made for the first edition of <em>Pedro P\u00e1ramo<\/em> by Juan Rulfo (Letras Mexicanas, no. 19): one on the cover portraying two figures embracing with a maguey in the background, one at the beginning of the novel, with a muleteer following his oxen and one at the end, with two ferocious looking dogs barking.<\/p>\n<p>\n<\/div><div class=\"kc-elm kc-css-571484\" style=\"height: 20px; clear: both; width:100%;\"><\/div><div class=\"kc-elm kc-css-999440 kc_text_block\"><\/p>\n<p>The same year Ricardo Mart\u00ednez illustrated <em>Distancia sin timidez. Romancero del golf<\/em>, by Pr\u00e1xedes Reina Hermosillo (Tezontle).<\/p>\n<p>\n<\/div><div class=\"kc-elm kc-css-539676\" style=\"height: 20px; clear: both; width:100%;\"><\/div><div class=\"kc-elm kc-css-662117 kc_text_block\"><\/p>\n<p>In 1956, Ricardo Mart\u00ednez illustrated covers for new titles published by Fondo de Cultura Econ\u00f3mica:<\/p>\n<p>\n<\/div><div class=\"kc-elm kc-css-24750\" style=\"height: 20px; clear: both; width:100%;\"><\/div><div class=\"kc-elm kc-css-672909 kc_text_block\"><\/p>\n<p>Los demonios, by Rub\u00e9n Bonifaz Nu\u00f1o (Tezontle), Palabras en reposo, by Al\u00ed Chumacero (Letras Mexicanas, n. 23); Las provincias del alma, by Jaime Garc\u00eda Terr\u00e9s (Letras Mexicanas no. 30) and Pr\u00e1ctica de vuelo, by Carlos Pellicer.<\/p>\n<p>\n<\/div><div class=\"kc-elm kc-css-582274\" style=\"height: 20px; clear: both; width:100%;\"><\/div><div class=\"kc-elm kc-css-584637 kc_text_block\"><\/p>\n<p>The cover of <em>Los demonios<\/em> shows three dogs fighting. A serpent on a tree is on the cover <em>Palabras en reposo<\/em>, and a pair of hands on the cover of <em>Las provincias del alma<\/em>. The cover on Pellicer\u2019s book shows some mandolins. Although the author is not recorded, Carlos Pellicer, the poet\u2019s nephew, confirmed that it is by Ricardo Mart\u00ednez.<\/p>\n<p>\n<\/div><div class=\"kc-elm kc-css-870156\" style=\"height: 20px; clear: both; width:100%;\"><\/div><div class=\"kc-elm kc-css-127357 kc_text_block\"><\/p>\n<p>In 1958 Ricardo Mart\u00ednez illustrated <em>Poemas mexicanos<\/em> by Francisco Giner de los R\u00edos with 37 vignettes. The collection was published by UNAM and the vignette on the cover represents two trees.<\/p>\n<p>\n<\/div><div class=\"kc-elm kc-css-599938\" style=\"height: 20px; clear: both; width:100%;\"><\/div><div class=\"kc-elm kc-css-447198 kc_text_block\"><\/p>\n<p>Another illustration from that year is the one for <em>Una luz en la otra orilla<\/em>, by Mar\u00eda Lombardo de Caso (Letras Mexicanas, no. 47). It shows the silhouette of a man wearing a hat and poncho and riding at full gallop.<\/p>\n<p>\n<\/div><div class=\"kc-elm kc-css-749171\" style=\"height: 20px; clear: both; width:100%;\"><\/div><div class=\"kc-elm kc-css-105951 kc_text_block\"><\/p>\n<p>The vignettes discussed in this essay show that there was a close relationship between the publishing houses, the writers and the artist. Ricardo Mart\u00ednez would continue illustrating books with vignettes, but in later years his contribution would be reproductions of oil paintings<\/p>\n<p>\n<\/div><div class=\"kc-elm kc-css-734678\" style=\"height: 20px; clear: both; width:100%;\"><\/div><div class=\"kc-elm kc-css-896206 kc_text_block\"><\/p>\n<p><strong>References<\/strong><\/p>\n<p>Mata, \u00d3scar, \u201cLos Presentes, del maestro editor Juan Jos\u00e9 Arreola\u201d, UAM-Xochimilco. Recuperado en febrero de 2014, de: http:\/\/www.revistas.unam.mx\/index.php\/rlm\/article\/view\/28520<\/p>\n<p>\n<\/div><div class=\"kc-elm kc-css-277537\" style=\"height: 20px; clear: both; width:100%;\"><\/div><\/div><\/div><div class=\"kc-elm kc-css-147583 kc_col-sm-6 kc_column kc_col-sm-6\"><div class=\"kc-col-container\"><div class=\"kc-elm kc-css-274185 kc_shortcode kc_single_image\">\n\n        <a rel=\"prettyPhoto\" class=\"kc-pretty-photo\" href=\"https:\/\/fundacionricardomartinez.net\/en-us\/wp-content\/uploads\/2018\/11\/1954-1.jpg\" title=\"\" target=\"\">\n        <img decoding=\"async\" src=\"https:\/\/fundacionricardomartinez.net\/en-us\/wp-content\/uploads\/2018\/11\/1954-1-409x600xc.jpg\" class=\"\" alt=\"\" \/>    <\/a>\n    <\/div>\n<div class=\"kc-elm kc-css-913340\" style=\"height: 50px; clear: both; width:100%;\"><\/div><div class=\"kc-elm kc-css-401520 kc_shortcode kc_single_image\">\n\n        <a rel=\"prettyPhoto\" class=\"kc-pretty-photo\" href=\"https:\/\/fundacionricardomartinez.net\/en-us\/wp-content\/uploads\/2018\/11\/1954-3.jpg\" title=\"\" target=\"\">\n        <img decoding=\"async\" src=\"https:\/\/fundacionricardomartinez.net\/en-us\/wp-content\/uploads\/2018\/11\/1954-3-409x600xc.jpg\" class=\"\" alt=\"\" \/>    <\/a>\n    <\/div>\n<\/div><\/div><\/div><\/div><\/section><section class=\"kc-elm kc-css-167874 kc_row ball_section_1\"><div class=\"kc-row-container  kc-container\"><div class=\"kc-wrap-columns\"><div class=\"kc-elm kc-css-506796 kc_col-sm-6 kc_column kc_col-sm-6\"><div class=\"kc-col-container\"><\/div><\/div><div class=\"kc-elm kc-css-70364 kc_col-sm-6 kc_column kc_col-sm-6\"><div class=\"kc-col-container\"><\/div><\/div><\/div><\/div><\/section><\/p>\n","protected":false},"excerpt":{"rendered":"","protected":false},"author":1,"featured_media":0,"parent":0,"menu_order":0,"comment_status":"closed","ping_status":"closed","template":"","meta":{"_exactmetrics_skip_tracking":false,"_exactmetrics_sitenote_active":false,"_exactmetrics_sitenote_note":"","_exactmetrics_sitenote_category":0,"footnotes":""},"class_list":["post-2377","page","type-page","status-publish","hentry"],"_links":{"self":[{"href":"https:\/\/fundacionricardomartinez.net\/en-us\/wp-json\/wp\/v2\/pages\/2377","targetHints":{"allow":["GET"]}}],"collection":[{"href":"https:\/\/fundacionricardomartinez.net\/en-us\/wp-json\/wp\/v2\/pages"}],"about":[{"href":"https:\/\/fundacionricardomartinez.net\/en-us\/wp-json\/wp\/v2\/types\/page"}],"author":[{"embeddable":true,"href":"https:\/\/fundacionricardomartinez.net\/en-us\/wp-json\/wp\/v2\/users\/1"}],"replies":[{"embeddable":true,"href":"https:\/\/fundacionricardomartinez.net\/en-us\/wp-json\/wp\/v2\/comments?post=2377"}],"version-history":[{"count":42,"href":"https:\/\/fundacionricardomartinez.net\/en-us\/wp-json\/wp\/v2\/pages\/2377\/revisions"}],"predecessor-version":[{"id":3849,"href":"https:\/\/fundacionricardomartinez.net\/en-us\/wp-json\/wp\/v2\/pages\/2377\/revisions\/3849"}],"wp:attachment":[{"href":"https:\/\/fundacionricardomartinez.net\/en-us\/wp-json\/wp\/v2\/media?parent=2377"}],"curies":[{"name":"wp","href":"https:\/\/api.w.org\/{rel}","templated":true}]}}