{"id":2653,"date":"2018-11-26T19:04:12","date_gmt":"2018-11-26T19:04:12","guid":{"rendered":"https:\/\/fundacionricardomartinez.net\/en-us\/?page_id=2653"},"modified":"2019-03-28T21:45:57","modified_gmt":"2019-03-28T21:45:57","slug":"work-of-the-month-december-2016","status":"publish","type":"page","link":"https:\/\/fundacionricardomartinez.net\/en-us\/work-of-the-month-december-2016\/","title":{"rendered":"Work of the month, December 2016"},"content":{"rendered":"<p><section class=\"kc-elm kc-css-378339 kc_row ten_section_1\"><div class=\"kc-row-container  kc-container\"><div class=\"kc-wrap-columns\"><div class=\"kc-elm kc-css-438736 kc_col-sm-12 kc_column kc_col-sm-12\"><div class=\"herotext kc-col-container\">\n<div class=\"kc-elm kc-css-24656 kc-title-wrap \">\n\n\t<h1 class=\"kc_title\"> Untitled (Dogs with butterflies), 2006<\/h1>\n<\/div>\n\n<div class=\"kc-elm kc-css-944091 kc-title-wrap \">\n\n\t<h2 class=\"kc_title\">Work of the month<br>\r\nDecember 2016<\/h2>\n<\/div>\n<\/div><\/div><\/div><\/div><\/section><section id=\"blog\" class=\"kc-elm kc-css-772082 kc_row beath_section_6\"><div class=\"kc-row-container  kc-container\"><div class=\"kc-wrap-columns\"><div class=\"kc-elm kc-css-151077 kc_col-sm-12 kc_column kc_col-sm-12\"><div class=\"kc-col-container\">\n<div class=\"kc-elm kc-css-83066 kc-title-wrap \">\n\n\t<h2 class=\"kc_title big2 caps font-weight8 margin-bottom2\"> Untitled\r\n(Dogs with butterflies), 2006 <\/h2><h4 class=\"font-weight4 margin-bottom1\">Private Collection\r\n<\/h4>\n<\/div>\n<div class=\"kc-elm kc-css-382574\" style=\"height: 100px; clear: both; width:100%;\"><\/div><div class=\"kc-elm kc-css-304476 kc_text_block desc\"><\/p>\n<p style=\"text-align: left;\">I have the feeling that time has not passed and that one day I\u2019ll be talking with Maestro Ricardo Mart\u00ednez in his atelier\u2026<\/p>\n<p>\n<\/div><div class=\"kc-elm kc-css-885806\" style=\"height: 20px; clear: both; width:100%;\"><\/div><div class=\"kc-elm kc-css-667267 kc_text_block desc\"><\/p>\n<p>It is almost 30 years since that afternoon in January 1987, when I crossed the threshold at Etna 32, the <em>Sancta Sanctorum<\/em> of Maestro Ricardo Mart\u00ednez, after having made an appointment by telephone. \u201cCall me at two o\u2019clock on the day to confirm\u201d, a ritual that would be repeated at least once a month since then until the end of 2008, when I visited him for the last time. It was a deep and sincere friendship and today I look with great affection and gratitude upon the time Maestro Mart\u00ednez gave me right from our first encounter. He was surprised by the fact that a fifteen year old budding painter should have had the courage to find his telephone number and ask to meet him. Ricardo Mart\u00ednez was my guide, my counsellor and a kind of second father. Thank you, Maestro, for almost twenty-two years of friendship, affection and moral support.<\/p>\n<p>\n<\/div><div class=\"kc-elm kc-css-281799\" style=\"height: 20px; clear: both; width:100%;\"><\/div><div class=\"kc-elm kc-css-786223 kc_text_block desc\"><\/p>\n<p>The dog motif in the iconography of Ricardo Mart\u00ednez dates from the forties, during a period when he was searching for a personal language within the Mexican School of Painting. Although Mart\u00ednez did not follow the rules of the School to the letter, he was influenced by it though in a more poetic universe closer to Surrealism in paintings such as <em>The angel<\/em> in 1942 or <em>Remembrance of Saint George<\/em> in 1943. Playful dogs can be seen in the former and more threatening ones in the latter. Ricardo Mart\u00ednez would continue his search and synthesis of both human and animal images, and would use more daring colours and stronger drawing strokes as in his oil painting <em>The corn cobs<\/em> in 1955.\u00a0 There is an almost ghostly image of a dog next to two well defined characters, both holding corn cobs in their hands.<\/p>\n<p>\n<\/div><div class=\"kc-elm kc-css-96677\" style=\"height: 20px; clear: both; width:100%;\"><\/div><div class=\"kc-elm kc-css-162646 kc_text_block desc\"><\/p>\n<p style=\"text-align: justify;\">Later on Maestro Mart\u00ednez would illustrate <em>Pedro P\u00e1ramo<\/em> by his close friend Juan Rulfo with some ink drawings, one of which presents some beautiful and sleek dogs. Finally, in 1956, Ricardo Mart\u00ednez would paint an exceptional work under the title <em>The dog fight<\/em>, where one can already observe the features that would define his more mature production: three men in gray tones and clear strokes observing with indifference the drama of three dogs fighting.<\/p>\n<p>\n<\/div><div class=\"kc-elm kc-css-184775\" style=\"height: 20px; clear: both; width:100%;\"><\/div><div class=\"kc-elm kc-css-395246 kc_text_block desc\"><\/p>\n<p style=\"text-align: justify;\">During the last ten years of his life, Maestro Mart\u00ednez told me he felt certain nostalgia for some early motifs in his painting. We spoke much of some of his dear friends who had already passed away, such as Carlos M\u00e9rida, Federico Cant\u00fa, Luis Garc\u00eda Guerrero, Jaime Garc\u00eda Terr\u00e9s and Leo Lionni.<\/p>\n<p>\n<\/div><div class=\"kc-elm kc-css-456520\" style=\"height: 20px; clear: both; width:100%;\"><\/div><div class=\"kc-elm kc-css-75559 kc_text_block desc\"><\/p>\n<p style=\"text-align: justify;\">Towards the middle of the first decade of the XXI century, Don Ricardo again took up the dogs as a motif in his painting, basically on medium sized and small canvases: suddenly a corner of his atelier became full of dogs together with human figures. There was a small canvas with two dogs \u2013one black and the other white\u2013 with a blue background, barking furiously at some butterflies. I thought it was beautiful and told the Maestro. By and by all the canvases were sold and one summer evening in 2007 my friend gave me the very painting I had liked so much, I was left speechless and since then the painting has been with me every day of my life. It is not a typical composition in the production of Ricardo Mart\u00ednez: two dogs whose threatening fangs either want to play with or catch four placid butterflies fluttering above them. It is strange to remember that some months later, Maestro Mart\u00ednez asked whether it would be a good idea to erase the butterflies: \u201cOf course not, Maestro!\u201d was my reply. Those butterflies are probably some of the very few insects in the work of my dear friend.<\/p>\n<p>\n<\/div><div class=\"kc-elm kc-css-400297\" style=\"height: 20px; clear: both; width:100%;\"><\/div><div class=\"kc-elm kc-css-804254 kc_text_block desc\"><\/p>\n<p>Diego Guzm\u00e1n<\/p>\n<p>November de 2016<\/p>\n<p>\n<\/div><div class=\"kc-elm kc-css-300076\" style=\"height: 20px; clear: both; width:100%;\"><\/div>\n<div class=\"kc-elm kc-css-983311 divider_line\">\n\t<div class=\"divider_inner divider_line1\">\n\t\t\t<\/div>\n<\/div>\n<div class=\"kc-elm kc-css-391287\" style=\"height: 100px; clear: both; width:100%;\"><\/div><div class=\"kc-elm kc-css-233610 kc_shortcode kc_single_image\">\n\n        <a rel=\"prettyPhoto\" class=\"kc-pretty-photo\" href=\"https:\/\/fundacionricardomartinez.net\/en-us\/wp-content\/uploads\/2018\/11\/perros-con-mariposas-2006-1.jpg\" title=\"\" target=\"\">\n        <img decoding=\"async\" src=\"https:\/\/fundacionricardomartinez.net\/en-us\/wp-content\/uploads\/2018\/11\/perros-con-mariposas-2006-1-1024x781.jpg\" class=\"\" alt=\"\" \/>    <\/a>\n    <\/div>\n<div class=\"kc-elm kc-css-422729\" style=\"height: 20px; clear: both; width:100%;\"><\/div><div class=\"kc-elm kc-css-820481 kc_text_block desc\"><\/p>\n<div class=\"span8 module_number_2 module_cont module_content\">\n<div class=\"module_content\" style=\"text-align: center;\"><em><strong>Untitled <\/strong><\/em><strong>(<\/strong><em><strong>Dogs with butterflies<\/strong><\/em><strong>),<\/strong> 2006, Oil on canvas, 30 x 40.4 cm, Private Collection<\/div>\n<\/div>\n<p>\n<\/div><\/div><\/div><\/div><\/div><\/section><\/p>\n","protected":false},"excerpt":{"rendered":"","protected":false},"author":1,"featured_media":0,"parent":0,"menu_order":0,"comment_status":"closed","ping_status":"closed","template":"","meta":{"_exactmetrics_skip_tracking":false,"_exactmetrics_sitenote_active":false,"_exactmetrics_sitenote_note":"","_exactmetrics_sitenote_category":0,"footnotes":""},"class_list":["post-2653","page","type-page","status-publish","hentry"],"_links":{"self":[{"href":"https:\/\/fundacionricardomartinez.net\/en-us\/wp-json\/wp\/v2\/pages\/2653","targetHints":{"allow":["GET"]}}],"collection":[{"href":"https:\/\/fundacionricardomartinez.net\/en-us\/wp-json\/wp\/v2\/pages"}],"about":[{"href":"https:\/\/fundacionricardomartinez.net\/en-us\/wp-json\/wp\/v2\/types\/page"}],"author":[{"embeddable":true,"href":"https:\/\/fundacionricardomartinez.net\/en-us\/wp-json\/wp\/v2\/users\/1"}],"replies":[{"embeddable":true,"href":"https:\/\/fundacionricardomartinez.net\/en-us\/wp-json\/wp\/v2\/comments?post=2653"}],"version-history":[{"count":13,"href":"https:\/\/fundacionricardomartinez.net\/en-us\/wp-json\/wp\/v2\/pages\/2653\/revisions"}],"predecessor-version":[{"id":4098,"href":"https:\/\/fundacionricardomartinez.net\/en-us\/wp-json\/wp\/v2\/pages\/2653\/revisions\/4098"}],"wp:attachment":[{"href":"https:\/\/fundacionricardomartinez.net\/en-us\/wp-json\/wp\/v2\/media?parent=2653"}],"curies":[{"name":"wp","href":"https:\/\/api.w.org\/{rel}","templated":true}]}}